{"id":4053,"date":"2016-11-05T14:35:36","date_gmt":"2016-11-05T13:35:36","guid":{"rendered":"https:\/\/www.rundwanderung-lagomera.de\/?page_id=4053"},"modified":"2019-12-22T18:52:55","modified_gmt":"2019-12-22T17:52:55","slug":"sobre-nos","status":"publish","type":"page","link":"https:\/\/www.rundwanderung-lagomera.de\/pt\/ueber-uns\/","title":{"rendered":"sobre n\u00f3s"},"content":{"rendered":"<div id=\"pl-4053\"  class=\"panel-layout\" ><div id=\"pg-4053-0\"  class=\"panel-grid panel-no-style\" ><div id=\"pgc-4053-0-0\"  class=\"panel-grid-cell\" ><div id=\"panel-4053-0-0-0\" class=\"so-panel widget widget_sow-editor panel-first-child panel-last-child\" data-index=\"0\" ><div\n\t\t\t\n\t\t\tclass=\"so-widget-sow-editor so-widget-sow-editor-base\"\n\t\t\t\n\t\t>\n<div class=\"siteorigin-widget-tinymce textwidget\">\n\t<p>Somos caminhantes entusiastas de longa dist\u00e2ncia e adoramos estar na natureza por alguns dias de f\u00e9rias apenas com nossas mochilas! Durante v\u00e1rios anos, tamb\u00e9m fomos fascinados pelos trilhos mediterr\u00e2nicos de caminhada de longa dist\u00e2ncia, bastante desconhecidos.<\/p>\n<p>A combina\u00e7\u00e3o de serra e mar e a oportunidade de ficar em alojamentos bonitos e principalmente muito individuais \u00e9 sempre uma raz\u00e3o para sonharmos com as nossas pr\u00f3ximas f\u00e9rias de caminhada!<\/p>\n<p>No entanto, o esfor\u00e7o de pesquisa antes do feriado era muitas vezes bastante grande e \u00e0s vezes ficamos realmente surpresos que algumas trilhas s\u00e3o excelentemente definidas e bem sinalizadas no local, mas ao mesmo tempo permanecem totalmente desconhecidas na rede. Em nossa caminhada circular em La Gomera, decidimos documentar essa trilha online e torn\u00e1-la mais conhecida. Em retrospecto, isso realmente funcionou muito melhor do que o esperado: Enquanto isso, a revista de viagens &quot;Geo Saison&quot; relatou extensivamente sobre o GR-132 nas &quot;Ilhas Can\u00e1rias Especiais&quot; (<a href=\"http:\/\/www.geo.de\/magazine\/geo-special\/19293-geo-special-nr-5-2016-kanarische-inseln\" target=\"_blank\" rel=\"noopener noreferrer\">para o livreto<\/a>). Outros artigos sobre o GR-132 tamb\u00e9m apareceram aqui: <a href=\"http:\/\/www.spiegel.de\/reise\/aktuell\/urlaub-im-september-die-besten-reiseziele-a-1108556.html\" target=\"_blank\" rel=\"noopener noreferrer\">Espelhar online<\/a> e <a href=\"http:\/\/sz-magazin.sueddeutsche.de\/texte\/anzeigen\/45967\/\" target=\"_blank\" rel=\"noopener noreferrer\">revista SZ<\/a>. Mas n\u00e3o se preocupe: a trilha ainda est\u00e1 longe do turismo de massa!<\/p>\n<p>Os muitos coment\u00e1rios positivos no site de La Gomera nos encorajaram e, entretanto, mais \u00f3timas f\u00e9rias para caminhadas com o site associado foram criadas e mais algumas est\u00e3o planejadas! Voc\u00ea pode encontrar uma vis\u00e3o geral atual aqui:<\/p>\n<p><a href=\"https:\/\/www.wanderndeluxe.de\/fernwanderwege\/\" target=\"_blank\" rel=\"noopener\">www.wanderndeluxe.de\/fernwanderwege\/<\/a><\/p>\n<p>Estamos ansiosos para compartilhar nosso entusiasmo por caminhadas com voc\u00ea!<\/p>\n<\/div>\n<\/div><\/div><\/div><div id=\"pgc-4053-0-1\"  class=\"panel-grid-cell\" ><div id=\"panel-4053-0-1-0\" class=\"so-panel widget widget_sow-image panel-first-child panel-last-child\" data-index=\"1\" ><div\n\t\t\t\n\t\t\tclass=\"so-widget-sow-image so-widget-sow-image-default-8b5b6f678277-4053\"\n\t\t\t\n\t\t>\n<div class=\"sow-image-container\">\n\t\t\t<a href=\"https:\/\/www.rundwanderung-lagomera.de\/wp-content\/uploads\/2014\/10\/rundwanderung-la-gomera-\u00fcber-uns.jpg\">\n\t\t\t<img \n\tsrc=\"https:\/\/www.rundwanderung-lagomera.de\/wp-content\/uploads\/2014\/10\/rundwanderung-la-gomera-\u00fcber-uns.jpg\" width=\"800\" height=\"800\" srcset=\"https:\/\/www.rundwanderung-lagomera.de\/wp-content\/uploads\/2014\/10\/rundwanderung-la-gomera-\u00fcber-uns.jpg 800w, https:\/\/www.rundwanderung-lagomera.de\/wp-content\/uploads\/2014\/10\/rundwanderung-la-gomera-\u00fcber-uns-150x150.jpg 150w, https:\/\/www.rundwanderung-lagomera.de\/wp-content\/uploads\/2014\/10\/rundwanderung-la-gomera-\u00fcber-uns-300x300.jpg 300w, https:\/\/www.rundwanderung-lagomera.de\/wp-content\/uploads\/2014\/10\/rundwanderung-la-gomera-\u00fcber-uns-768x768.jpg 768w\" sizes=\"(max-width: 800px) 100vw, 800px\" title=\"caminhada circular-la-gomera-sobre-n\u00f3s\" alt=\"\" \t\tclass=\"so-widget-image\"\/>\n\t\t\t<\/a><\/div>\n\n<\/div><\/div><\/div><\/div><\/div>","protected":false},"excerpt":{"rendered":"<p>Wir sind begeisterte Fern-Wanderer und lieben es, im Urlaub f\u00fcr einige Tage nur mit dem Rucksack in der Natur unterwegs zu sein!\u00a0Seit einigen Jahren haben es uns zudem die eher unbekannten, mediterranen Fernwanderwege angetan. Die Kombination von Bergen und Meer\u00a0und die M\u00f6glichkeit, in sch\u00f6nen und meist sehr individuellen Unterk\u00fcnften\u00a0zu \u00fcbernachten, sind f\u00fcr uns immer wieder [&hellip;]<\/p>\n","protected":false},"author":1,"featured_media":0,"parent":0,"menu_order":0,"comment_status":"closed","ping_status":"closed","template":"","meta":{"footnotes":""},"class_list":["post-4053","page","type-page","status-publish","hentry","post"],"_links":{"self":[{"href":"https:\/\/www.rundwanderung-lagomera.de\/pt\/wp-json\/wp\/v2\/pages\/4053","targetHints":{"allow":["GET"]}}],"collection":[{"href":"https:\/\/www.rundwanderung-lagomera.de\/pt\/wp-json\/wp\/v2\/pages"}],"about":[{"href":"https:\/\/www.rundwanderung-lagomera.de\/pt\/wp-json\/wp\/v2\/types\/page"}],"author":[{"embeddable":true,"href":"https:\/\/www.rundwanderung-lagomera.de\/pt\/wp-json\/wp\/v2\/users\/1"}],"replies":[{"embeddable":true,"href":"https:\/\/www.rundwanderung-lagomera.de\/pt\/wp-json\/wp\/v2\/comments?post=4053"}],"version-history":[{"count":0,"href":"https:\/\/www.rundwanderung-lagomera.de\/pt\/wp-json\/wp\/v2\/pages\/4053\/revisions"}],"wp:attachment":[{"href":"https:\/\/www.rundwanderung-lagomera.de\/pt\/wp-json\/wp\/v2\/media?parent=4053"}],"curies":[{"name":"wp","href":"https:\/\/api.w.org\/{rel}","templated":true}]}}