{"id":4053,"date":"2016-11-05T14:35:36","date_gmt":"2016-11-05T13:35:36","guid":{"rendered":"https:\/\/www.rundwanderung-lagomera.de\/?page_id=4053"},"modified":"2019-12-22T18:52:55","modified_gmt":"2019-12-22T17:52:55","slug":"chi-siamo","status":"publish","type":"page","link":"https:\/\/www.rundwanderung-lagomera.de\/it\/ueber-uns\/","title":{"rendered":"chi siamo"},"content":{"rendered":"<div id=\"pl-4053\"  class=\"panel-layout\" ><div id=\"pg-4053-0\"  class=\"panel-grid panel-no-style\" ><div id=\"pgc-4053-0-0\"  class=\"panel-grid-cell\" ><div id=\"panel-4053-0-0-0\" class=\"so-panel widget widget_sow-editor panel-first-child panel-last-child\" data-index=\"0\" ><div\n\t\t\t\n\t\t\tclass=\"so-widget-sow-editor so-widget-sow-editor-base\"\n\t\t\t\n\t\t>\n<div class=\"siteorigin-widget-tinymce textwidget\">\n\t<p>Siamo entusiasti escursionisti di lunga distanza e amiamo stare nella natura per qualche giorno in vacanza con i nostri zaini! Da diversi anni siamo anche affascinati dai sentieri escursionistici a lunga percorrenza mediterranei piuttosto sconosciuti.<\/p>\n<p>La combinazione di montagna e mare e l&#039;opportunit\u00e0 di soggiornare in alloggi belli e per lo pi\u00f9 molto individuali \u00e8 sempre un motivo per sognare la nostra prossima vacanza escursionistica!<\/p>\n<p>Tuttavia, lo sforzo di ricerca prima delle vacanze \u00e8 stato spesso piuttosto grande ea volte siamo rimasti davvero sorpresi dal fatto che alcuni sentieri escursionistici siano ottimamente disposti e ben segnalati in loco, ma allo stesso tempo sono rimasti totalmente sconosciuti in rete. Durante la nostra escursione circolare a La Gomera, abbiamo quindi deciso di documentare online questo sentiero escursionistico e farlo conoscere meglio. In retrospettiva, in realt\u00e0 ha funzionato molto meglio del previsto: nel frattempo, la rivista di viaggi &quot;Geo Saison&quot; ha parlato ampiamente del GR-132 nelle &quot;Isole Canarie speciali&quot; (<a href=\"http:\/\/www.geo.de\/magazine\/geo-special\/19293-geo-special-nr-5-2016-kanarische-inseln\" target=\"_blank\" rel=\"noopener noreferrer\">al libretto<\/a>). Altri articoli sul GR-132 sono apparsi anche qui: <a href=\"http:\/\/www.spiegel.de\/reise\/aktuell\/urlaub-im-september-die-besten-reiseziele-a-1108556.html\" target=\"_blank\" rel=\"noopener noreferrer\">Specchio in linea<\/a> e <a href=\"http:\/\/sz-magazin.sueddeutsche.de\/texte\/anzeigen\/45967\/\" target=\"_blank\" rel=\"noopener noreferrer\">Rivista SZ<\/a>. Ma niente paura: il sentiero escursionistico \u00e8 ancora lontano dal turismo di massa!<\/p>\n<p>I numerosi feedback positivi sul sito web di La Gomera ci hanno incoraggiato e cos\u00ec nel frattempo sono state create altre fantastiche vacanze escursionistiche con il sito web associato e ne sono programmate altre! Puoi trovare una panoramica attuale qui:<\/p>\n<p><a href=\"https:\/\/www.wanderndeluxe.de\/fernwanderwege\/\" target=\"_blank\" rel=\"noopener\">www.wanderndeluxe.de\/fernwanderwege\/<\/a><\/p>\n<p>Non vediamo l&#039;ora di condividere con voi il nostro entusiasmo per le escursioni!<\/p>\n<\/div>\n<\/div><\/div><\/div><div id=\"pgc-4053-0-1\"  class=\"panel-grid-cell\" ><div id=\"panel-4053-0-1-0\" class=\"so-panel widget widget_sow-image panel-first-child panel-last-child\" data-index=\"1\" ><div\n\t\t\t\n\t\t\tclass=\"so-widget-sow-image so-widget-sow-image-default-8b5b6f678277-4053\"\n\t\t\t\n\t\t>\n<div class=\"sow-image-container\">\n\t\t\t<a href=\"https:\/\/www.rundwanderung-lagomera.de\/wp-content\/uploads\/2014\/10\/rundwanderung-la-gomera-\u00fcber-uns.jpg\">\n\t\t\t<img \n\tsrc=\"https:\/\/www.rundwanderung-lagomera.de\/wp-content\/uploads\/2014\/10\/rundwanderung-la-gomera-\u00fcber-uns.jpg\" width=\"800\" height=\"800\" srcset=\"https:\/\/www.rundwanderung-lagomera.de\/wp-content\/uploads\/2014\/10\/rundwanderung-la-gomera-\u00fcber-uns.jpg 800w, https:\/\/www.rundwanderung-lagomera.de\/wp-content\/uploads\/2014\/10\/rundwanderung-la-gomera-\u00fcber-uns-150x150.jpg 150w, https:\/\/www.rundwanderung-lagomera.de\/wp-content\/uploads\/2014\/10\/rundwanderung-la-gomera-\u00fcber-uns-300x300.jpg 300w, https:\/\/www.rundwanderung-lagomera.de\/wp-content\/uploads\/2014\/10\/rundwanderung-la-gomera-\u00fcber-uns-768x768.jpg 768w\" sizes=\"(max-width: 800px) 100vw, 800px\" title=\"escursione circolare-la-gomera-chi-siamo\" alt=\"\" \t\tclass=\"so-widget-image\"\/>\n\t\t\t<\/a><\/div>\n\n<\/div><\/div><\/div><\/div><\/div>","protected":false},"excerpt":{"rendered":"<p>Wir sind begeisterte Fern-Wanderer und lieben es, im Urlaub f\u00fcr einige Tage nur mit dem Rucksack in der Natur unterwegs zu sein!\u00a0Seit einigen Jahren haben es uns zudem die eher unbekannten, mediterranen Fernwanderwege angetan. Die Kombination von Bergen und Meer\u00a0und die M\u00f6glichkeit, in sch\u00f6nen und meist sehr individuellen Unterk\u00fcnften\u00a0zu \u00fcbernachten, sind f\u00fcr uns immer wieder [&hellip;]<\/p>\n","protected":false},"author":1,"featured_media":0,"parent":0,"menu_order":0,"comment_status":"closed","ping_status":"closed","template":"","meta":{"footnotes":""},"class_list":["post-4053","page","type-page","status-publish","hentry","post"],"_links":{"self":[{"href":"https:\/\/www.rundwanderung-lagomera.de\/it\/wp-json\/wp\/v2\/pages\/4053","targetHints":{"allow":["GET"]}}],"collection":[{"href":"https:\/\/www.rundwanderung-lagomera.de\/it\/wp-json\/wp\/v2\/pages"}],"about":[{"href":"https:\/\/www.rundwanderung-lagomera.de\/it\/wp-json\/wp\/v2\/types\/page"}],"author":[{"embeddable":true,"href":"https:\/\/www.rundwanderung-lagomera.de\/it\/wp-json\/wp\/v2\/users\/1"}],"replies":[{"embeddable":true,"href":"https:\/\/www.rundwanderung-lagomera.de\/it\/wp-json\/wp\/v2\/comments?post=4053"}],"version-history":[{"count":0,"href":"https:\/\/www.rundwanderung-lagomera.de\/it\/wp-json\/wp\/v2\/pages\/4053\/revisions"}],"wp:attachment":[{"href":"https:\/\/www.rundwanderung-lagomera.de\/it\/wp-json\/wp\/v2\/media?parent=4053"}],"curies":[{"name":"wp","href":"https:\/\/api.w.org\/{rel}","templated":true}]}}