{"id":28028,"date":"2020-12-27T11:49:55","date_gmt":"2020-12-27T10:49:55","guid":{"rendered":"https:\/\/www.rundwanderung-lagomera.de\/cookie-richtlinie-eu\/"},"modified":"2020-12-27T12:02:13","modified_gmt":"2020-12-27T11:02:13","slug":"politique-relative-aux-cookies","status":"publish","type":"page","link":"https:\/\/www.rundwanderung-lagomera.de\/fr\/cookie-richtlinie\/","title":{"rendered":"Politique relative aux cookies"},"content":{"rendered":"<div id=\"pl-28028\"  class=\"panel-layout\" ><div id=\"pg-28028-0\"  class=\"panel-grid panel-no-style\" ><div id=\"pgc-28028-0-0\"  class=\"panel-grid-cell\" ><div id=\"panel-28028-0-0-0\" class=\"so-panel widget widget_sow-editor panel-first-child\" data-index=\"0\" ><div\n\t\t\t\n\t\t\tclass=\"so-widget-sow-editor so-widget-sow-editor-base\"\n\t\t\t\n\t\t>\n<div class=\"siteorigin-widget-tinymce textwidget\">\n\t<p>\n<!-- Legal document generated by Complianz | GDPR\/CCPA Cookie Consent https:\/\/wordpress.org\/plugins\/complianz-gdpr --><\/p>\n<div id=\"cmplz-document\" class=\"cmplz-document cookie-statement cmplz-document-eu\">\n<p><i>Cette politique de cookies a \u00e9t\u00e9 mise \u00e0 jour pour la derni\u00e8re fois le 19 juin 2025 et s'applique aux citoyens et aux r\u00e9sidents permanents l\u00e9gaux de l'Espace \u00c9conomique Europ\u00e9en et de la Suisse.<\/i><\/p>\n<h2>1. Introduction<\/h2>\n<p>Notre site web, <a href=\"https:\/\/www.rundwanderung-lagomera.de\/fr\">https:\/\/www.rundwanderung-lagomera.de\/fr<\/a> (ci-apr\u00e8s : \u00ab le site web \u00bb) utilisation des cookies et autres technologies li\u00e9es (par simplification, toutes ces technologies ne sont pas con\u00e7ues par le terme \u00ab cookies \u00bb). Les cookies sont plac\u00e9s \u00e0 c\u00f4t\u00e9 des tierces parties que nous avons engag\u00e9es. Dans le document ci-dessous, nous vous informons de l&#039;utilisation des cookies sur notre site web.<\/p>\n<h2>2. Y a-t-il des cookies ?<\/h2>\n<p>Un cookie est un petit fichier simple envoy\u00e9 avec les pages de ce site web et stock\u00e9 par votre navigateur sur le disque dur de votre ordinateur ou d&#039;un autre appareil. Les informations qui y sont susceptibles d&#039;\u00eatre renvoy\u00e9es \u00e0 nos serveurs ou aux serveurs des tierces parties concern\u00e9es lors d&#039;une visite ult\u00e9rieure.<\/p>\n<h2>3. Que sont les scripts ?<\/h2>\n<p>Un script est un \u00e9l\u00e9ment du code utilis\u00e9 pour le site Web qui est correct et interactif. Ce code est ex\u00e9cut\u00e9 sur notre serveur ou sur votre appareil.<\/p>\n<h2>4. Qu&#039;est-ce qu&#039;une balise invisible ?<\/h2>\n<p>Une balise invisible (ou balise web) est un petit morceau de texte ou d&#039;image invisible sur un site web, utilis\u00e9 pour suivre le trafic sur un site web. Pour ce faire, diverses donn\u00e9es concernant vous sont transpos\u00e9es \u00e0 l&#039;aide de balises invisibles.<\/p>\n<h2>5. Cookies<\/h2>\n<p class=\"cmplz-subtitle\">5.1 Techniques ou fonctions des cookies<\/p>\n<p>Certains cookies assurent le fonctionnement correct de certaines parties du site web et la prise en compte de vos pr\u00e9f\u00e9rences en tant qu'internaute. En pla\u00e7ant des cookies fonctionnels, nous facilitons la visite de notre site web. Ainsi, tu n'as pas besoin de saisir \u00e0 plusieurs reprises les m\u00eames informations lors de la visite de notre site web et, par exemple, les \u00e9l\u00e9ments restent dans ton panier jusqu'\u00e0 ton paiement. Nous pouvons d\u00e9poser ces cookies sans ton consentement.<\/p>\n<p class=\"cmplz-subtitle\">5.2 Cookies de marketing\/suivi<\/p>\n<p>Les cookies de marketing\/suivi sont des cookies ou toute autre forme de stockage local, utilis\u00e9s pour cr\u00e9er des profils d&#039;utilisateurs afin d&#039;afficher de la publicit\u00e9 ou de suivre l&#039;utilisateur sur ce site web ou sur plusieurs sites web dans des finalit\u00e9s marketing similaires.<\/p>\n<h2>6. Emplacements des cookies<\/h2>\n<div id=\"cmplz-cookies-overview\">\n<details class=\"cmplz-dropdown cmplz-service-desc cmplz-dropdown-cookiepolicy\">\n<summary class=\"cmplz-service-header\">\n<div>\n<h3>Compliance<\/h3>\n<p>Fonctionnel<\/p>\n<p>\t\t<label for=\"cmplz_service_complianz\" class=\"cmplz_consent_per_service_label\"><span class=\"screen-reader-text\">Consent to service compliance<\/span><\/label><br \/>\n\t\t<input type=\"checkbox\" id=\"cmplz_service_complianz\" class=\"cmplz-accept-service cmplz-hidden\" data-service=\"complianz\" data-category=\"functional\"><\/div>\n<\/summary>\n<div class=\"cmplz-service-description\">\n<h4>Utilisation<\/h4>\n<p>Nous utilisons Complianz pour la gestion du consentement aux cookies.<\/p>\n<\/p><\/div>\n<div class=\"cmplz-sharing-data\">\n<h4>Partage de donn\u00e9es<\/h4>\n<p>Ces donn\u00e9es ne sont pas partag\u00e9es avec les tierces parties. Pour plus d'informations, tu peux lire la <a target=\"_blank\" rel=\"noopener noreferrer\" href=\"https:\/\/complianz.io\/legal\/privacy-statement\/\">d\u00e9claration de confidentialit\u00e9 Complianz<\/a>.<\/p>\n<\/p><\/div>\n<div class=\"cookies-per-purpose\">\n<div class=\"purpose\">\n<h4>Fonctionnel<\/h4>\n<\/div>\n<div class=\"name-header\">\n<h5>Nom<\/h5>\n<\/div>\n<div class=\"name\">cmplz_consented_services<\/div>\n<div class=\"retention-header\">\n<h5>Expiration<\/h5>\n<\/div>\n<div class=\"retention\">365 jours<\/div>\n<div class=\"function-header\">\n<h5>Fonction<\/h5>\n<\/div>\n<div class=\"function\">Stocker les pr\u00e9f\u00e9rences de consentement aux cookies<\/div>\n<div class=\"name-header\">\n<h5>Nom<\/h5>\n<\/div>\n<div class=\"name\">cmplz_policy_id<\/div>\n<div class=\"retention-header\">\n<h5>Expiration<\/h5>\n<\/div>\n<div class=\"retention\">365 jours<\/div>\n<div class=\"function-header\">\n<h5>Fonction<\/h5>\n<\/div>\n<div class=\"function\">Stocker l'ID de la politique de cookies accept\u00e9e<\/div>\n<div class=\"name-header\">\n<h5>Nom<\/h5>\n<\/div>\n<div class=\"name\">cmplz_marketing<\/div>\n<div class=\"retention-header\">\n<h5>Expiration<\/h5>\n<\/div>\n<div class=\"retention\">365 jours<\/div>\n<div class=\"function-header\">\n<h5>Fonction<\/h5>\n<\/div>\n<div class=\"function\">Stocker les pr\u00e9f\u00e9rences de consentement aux cookies<\/div>\n<div class=\"name-header\">\n<h5>Nom<\/h5>\n<\/div>\n<div class=\"name\">cmplz_statistics<\/div>\n<div class=\"retention-header\">\n<h5>Expiration<\/h5>\n<\/div>\n<div class=\"retention\">365 jours<\/div>\n<div class=\"function-header\">\n<h5>Fonction<\/h5>\n<\/div>\n<div class=\"function\">Stocker les pr\u00e9f\u00e9rences de consentement aux cookies<\/div>\n<div class=\"name-header\">\n<h5>Nom<\/h5>\n<\/div>\n<div class=\"name\">cmplz_preferences<\/div>\n<div class=\"retention-header\">\n<h5>Expiration<\/h5>\n<\/div>\n<div class=\"retention\">365 jours<\/div>\n<div class=\"function-header\">\n<h5>Fonction<\/h5>\n<\/div>\n<div class=\"function\">Stocker les pr\u00e9f\u00e9rences de consentement aux cookies<\/div>\n<div class=\"name-header\">\n<h5>Nom<\/h5>\n<\/div>\n<div class=\"name\">cmplz_functional<\/div>\n<div class=\"retention-header\">\n<h5>Expiration<\/h5>\n<\/div>\n<div class=\"retention\">365 jours<\/div>\n<div class=\"function-header\">\n<h5>Fonction<\/h5>\n<\/div>\n<div class=\"function\">Stocker les pr\u00e9f\u00e9rences de consentement aux cookies<\/div>\n<div class=\"name-header\">\n<h5>Nom<\/h5>\n<\/div>\n<div class=\"name\">cmplz_banner-status<\/div>\n<div class=\"retention-header\">\n<h5>Expiration<\/h5>\n<\/div>\n<div class=\"retention\">365 jours<\/div>\n<div class=\"function-header\">\n<h5>Fonction<\/h5>\n<\/div>\n<div class=\"function\">M\u00e9morise si la banni\u00e8re des cookies a \u00e9t\u00e9 refus\u00e9e<\/div>\n<\/div>\n<\/details>\n<details class=\"cmplz-dropdown cmplz-service-desc cmplz-dropdown-cookiepolicy\">\n<summary class=\"cmplz-service-header\">\n<div>\n<h3>T\u00e9l\u00e9chargements Easy Digital<\/h3>\n<p>Fonctionnel<\/p>\n<p>\t\t<label for=\"cmplz_service_easy-digital-downloads\" class=\"cmplz_consent_per_service_label\"><span class=\"screen-reader-text\">Consent to service easy-digital-downloads<\/span><\/label><br \/>\n\t\t<input type=\"checkbox\" id=\"cmplz_service_easy-digital-downloads\" class=\"cmplz-accept-service cmplz-hidden\" data-service=\"easy-digital-downloads\" data-category=\"functional\"><\/div>\n<\/summary>\n<div class=\"cmplz-service-description\">\n<h4>Utilisation<\/h4>\n<p>Nous utilisons Easy Digital Downloads pour la gestion de boutique en ligne.<\/p>\n<\/p><\/div>\n<div class=\"cmplz-sharing-data\">\n<h4>Partage de donn\u00e9es<\/h4>\n<p>Ces donn\u00e9es ne sont pas partag\u00e9es avec les tierces parties.<\/p>\n<\/p><\/div>\n<div class=\"cookies-per-purpose\">\n<div class=\"purpose\">\n<h4>Fonctionnel<\/h4>\n<\/div>\n<div class=\"name-header\">\n<h5>Nom<\/h5>\n<\/div>\n<div class=\"name\">edd_items_in_cart<\/div>\n<div class=\"retention-header\">\n<h5>Expiration<\/h5>\n<\/div>\n<div class=\"retention\">30 minutes<\/div>\n<div class=\"function-header\">\n<h5>Fonction<\/h5>\n<\/div>\n<div class=\"function\">Stocker les \u00e9l\u00e9ments dans le panier de la boutique<\/div>\n<\/div>\n<\/details>\n<details class=\"cmplz-dropdown cmplz-service-desc cmplz-dropdown-cookiepolicy\">\n<summary class=\"cmplz-service-header\">\n<div>\n<h3>Google Maps<\/h3>\n<p>commercialisation<\/p>\n<p>\t\t<label for=\"cmplz_service_google-maps\" class=\"cmplz_consent_per_service_label\"><span class=\"screen-reader-text\">Consentement au service google-maps<\/span><\/label><br \/>\n\t\t<input type=\"checkbox\" id=\"cmplz_service_google-maps\" class=\"cmplz-accept-service cmplz-hidden\" data-service=\"google-maps\" data-category=\"functional\"><\/div>\n<\/summary>\n<div class=\"cmplz-service-description\">\n<h4>Utilisation<\/h4>\n<p>Nous utilisons Google Maps pour l'affichage de cartes.<\/p>\n<\/p><\/div>\n<div class=\"cmplz-sharing-data\">\n<h4>Partage de donn\u00e9es<\/h4>\n<p>Pour plus d'informations, tu peux lire la <a target=\"_blank\" rel=\"noopener noreferrer nofollow\" href=\"https:\/\/business.safety.google\/privacy\/\">d\u00e9claration de confidentialit\u00e9 Google Maps<\/a>.<\/p>\n<\/p><\/div>\n<div class=\"cookies-per-purpose\">\n<div class=\"purpose\">\n<h4>commercialisation<\/h4>\n<\/div>\n<div class=\"name-header\">\n<h5>Nom<\/h5>\n<\/div>\n<div class=\"name\">Google Maps API<\/div>\n<div class=\"retention-header\">\n<h5>Expiration<\/h5>\n<\/div>\n<div class=\"retention\">tu sais<\/div>\n<div class=\"function-header\">\n<h5>Fonction<\/h5>\n<\/div>\n<div class=\"function\">Demander l'adresse IP de l'utilisateur<\/div>\n<\/div>\n<\/details>\n<details class=\"cmplz-dropdown cmplz-service-desc cmplz-dropdown-cookiepolicy\">\n<summary class=\"cmplz-service-header\">\n<div>\n<h3>Divers<\/h3>\n<p>Finalit\u00e9 en attente d'enqu\u00eate<\/p>\n<p>\t\t<label for=\"cmplz_service_divers\" class=\"cmplz_consent_per_service_label\"><span class=\"screen-reader-text\">Consentement au service divers<\/span><\/label><br \/>\n\t\t<input type=\"checkbox\" id=\"cmplz_service_divers\" class=\"cmplz-accept-service cmplz-hidden\" data-service=\"divers\" data-category=\"functional\"><\/div>\n<\/summary>\n<div class=\"cmplz-service-description\">\n<h4>Utilisation<\/h4>\n<\/p><\/div>\n<div class=\"cmplz-sharing-data\">\n<h4>Partage de donn\u00e9es<\/h4>\n<p>Le partage des donn\u00e9es est en cours d'enqu\u00eate<\/p>\n<\/p><\/div>\n<div class=\"cookies-per-purpose\">\n<div class=\"purpose\">\n<h4>Finalit\u00e9 en attente d'enqu\u00eate<\/h4>\n<\/div>\n<div class=\"name-header\">\n<h5>Nom<\/h5>\n<\/div>\n<div class=\"name\">bulkSecret<\/div>\n<div class=\"retention-header\">\n<h5>Expiration<\/h5>\n<\/div>\n<div class=\"retention\"><\/div>\n<div class=\"function-header\">\n<h5>Fonction<\/h5>\n<\/div>\n<div class=\"function\"><\/div>\n<div class=\"name-header\">\n<h5>Nom<\/h5>\n<\/div>\n<div class=\"name\">rank-math-option-titles-index<\/div>\n<div class=\"retention-header\">\n<h5>Expiration<\/h5>\n<\/div>\n<div class=\"retention\"><\/div>\n<div class=\"function-header\">\n<h5>Fonction<\/h5>\n<\/div>\n<div class=\"function\"><\/div>\n<div class=\"name-header\">\n<h5>Nom<\/h5>\n<\/div>\n<div class=\"name\">wf-scan-issue-expanded-1022<\/div>\n<div class=\"retention-header\">\n<h5>Expiration<\/h5>\n<\/div>\n<div class=\"retention\"><\/div>\n<div class=\"function-header\">\n<h5>Fonction<\/h5>\n<\/div>\n<div class=\"function\"><\/div>\n<div class=\"name-header\">\n<h5>Nom<\/h5>\n<\/div>\n<div class=\"name\">rank-math-option-search-index<\/div>\n<div class=\"retention-header\">\n<h5>Expiration<\/h5>\n<\/div>\n<div class=\"retention\"><\/div>\n<div class=\"function-header\">\n<h5>Fonction<\/h5>\n<\/div>\n<div class=\"function\"><\/div>\n<div class=\"name-header\">\n<h5>Nom<\/h5>\n<\/div>\n<div class=\"name\">rank-math-option-general-index<\/div>\n<div class=\"retention-header\">\n<h5>Expiration<\/h5>\n<\/div>\n<div class=\"retention\"><\/div>\n<div class=\"function-header\">\n<h5>Fonction<\/h5>\n<\/div>\n<div class=\"function\"><\/div>\n<div class=\"name-header\">\n<h5>Nom<\/h5>\n<\/div>\n<div class=\"name\">rank-math-option-sitemap-index<\/div>\n<div class=\"retention-header\">\n<h5>Expiration<\/h5>\n<\/div>\n<div class=\"retention\"><\/div>\n<div class=\"function-header\">\n<h5>Fonction<\/h5>\n<\/div>\n<div class=\"function\"><\/div>\n<div class=\"name-header\">\n<h5>Nom<\/h5>\n<\/div>\n<div class=\"name\">tooltipPause<\/div>\n<div class=\"retention-header\">\n<h5>Expiration<\/h5>\n<\/div>\n<div class=\"retention\"><\/div>\n<div class=\"function-header\">\n<h5>Fonction<\/h5>\n<\/div>\n<div class=\"function\"><\/div>\n<div class=\"name-header\">\n<h5>Nom<\/h5>\n<\/div>\n<div class=\"name\">NFWSESSID<\/div>\n<div class=\"retention-header\">\n<h5>Expiration<\/h5>\n<\/div>\n<div class=\"retention\"><\/div>\n<div class=\"function-header\">\n<h5>Fonction<\/h5>\n<\/div>\n<div class=\"function\"><\/div>\n<\/div>\n<\/details>\n<\/div>\n<h2>7. Consentement<\/h2>\n<p>Lorsque vous visitez notre site web pour la premi\u00e8re fois, nous vous montrons une fen\u00eatre contextuelle avec une explication sur les cookies. Si vous cliquez sur &quot;Enregistrer les param\u00e8tres&quot;, vous n&#039;\u00eates pas oblig\u00e9 d&#039;autoriser l&#039;utilisation des cat\u00e9gories de cookies et des extensions que vous avez s\u00e9lectionn\u00e9es dans la fen\u00eatre contextuelle, vous d\u00e9cidez donc de la politique actuelle de cookies. Vous pouvez d\u00e9sactiver l&#039;utilisation des cookies via votre navigateur, mais veuillez noter que notre site web pourrait ne plus fonctionner correctement.<\/p>\n<p class=\"cmplz-subtitle\">7.1 G\u00e9rez vos r\u00e8glements de consentement<\/p>\n<div id=\"cmplz-manage-consent-container-nojavascript\">Tu as charg\u00e9 la politique de cookies sans le support de javascript. Sur AMP, tu peux utiliser l'onglet de gestion du consentement en bas de la page.<\/div>\n<div id=\"cmplz-manage-consent-container\" class=\"cmplz-manage-consent-container\"><\/div>\n<h2>8. Activer\/d\u00e9sactiver et supprimer les cookies<\/h2>\n<p>Vous pouvez utiliser votre navigateur Internet pour supprimer les cookies automatiques ou manuels. Vous pouvez \u00e9galement sp\u00e9cifier que certains cookies ne peuvent pas \u00eatre plac\u00e9s. Une autre option consiste \u00e0 modifier les r\u00e8gles de votre navigation sur Internet pour recevoir un message disant quelque chose comme un cookie est plac\u00e9. Pour plus d&#039;informations sur ces options, reportez-vous aux instructions de la section Aide de votre navigateur.<\/p>\n<p>Veuillez noter que notre site web peut ne pas marcher correctement si tous les cookies sont d\u00e9sactiv\u00e9s. Si tu supprimes les cookies dans ton navigateur, ils seront de nouveau plac\u00e9s apr\u00e8s ton consentement lorsque tu revisiteras notre site web.<\/p>\n<h2>9. Vos droits concernant les donn\u00e9es personnelles<\/h2>\n<p>Vous avez les droits suivants concernant vos donn\u00e9es personnelles\u00a0:<\/p>\n<ul>\n<li>Vous avez le droit de savoir pourquoi vos donn\u00e9es personnelles sont n\u00e9cessaires, ce qui leur arrivera et combien de temps elles seront conserv\u00e9es.<\/li>\n<li>Droit d&#039;acc\u00e8s\u00a0: vous avez le droit d&#039;acc\u00e9der \u00e0 vos donn\u00e9es personnelles que nous connaissons.<\/li>\n<li>Droit de rectification\u00a0: vous avez le droit \u00e0 tout moment de compl\u00e9ter, corriger, faire supprimer ou bloquer vos donn\u00e9es personnelles.<\/li>\n<li>Si vous nous donnez votre consentement pour le traitement de vos donn\u00e9es, vous avez le droit de r\u00e9voquer ce consentement et de faire suppresser vos donn\u00e9es personnelles.<\/li>\n<li>Droit de transfert de vos donn\u00e9es\u00a0: vous avez le droit de demander toutes vos donn\u00e9es personnelles au responsable du traitement et de les transf\u00e9rer dans leur int\u00e9gralit\u00e9 \u00e0 un autre responsable du traitement.<\/li>\n<li>Droit d&#039;opposition\u00a0: vous pouvez vous opposer au traitement de vos donn\u00e9es. Nous obtemp\u00e9rons, \u00e0 moins que certaines raisons ne justifient ce traitement.<\/li>\n<\/ul>\n<p>Pour exercer ces droits, contacte-nous. Tu peux te r\u00e9f\u00e9rer aux coordonn\u00e9es au bas de cette politique de cookies. Si tu as une plainte concernant la fa\u00e7on dont nous traitons tes donn\u00e9es, nous aimerions en \u00eatre inform\u00e9s, mais tu as \u00e9galement le droit de d\u00e9poser une plainte aupr\u00e8s de l'autorit\u00e9 de contr\u00f4le (l'autorit\u00e9 charg\u00e9e de la protection des donn\u00e9es).<\/p>\n<h2>10. Cordonn\u00e9es<\/h2>\n<p>Pour des questions et\/ou des commentaires sur notre politique de cookies et cette d\u00e9claration, veuillez nous contacter en utilisant les coordonn\u00e9es suivantes\u00a0:<\/p>\n<p><span class=\"cmplz-contact-organisation\">Franck Ehlers<\/span><br \/>\n                      <span class=\"cmplz-contact-address\">rue f\u00e9d\u00e9rale 82<br \/>\n20144 Hambourg<\/span><br \/>\n                      <span class=\"cmplz-contact-country\">Allemagne<\/span><br \/>\n                      <span class=\"cmplz-contact-domain\">site Web : <a href=\"https:\/\/www.rundwanderung-lagomera.de\/fr\">https:\/\/www.rundwanderung-lagomera.de\/fr<\/a><\/span><br \/>\n                      <span class=\"cmplz-contact-email\">E-mail : <span class=\"cmplz-obfuscate\">info@<span class=\"cmplz-fmail-domain\">ex.com<\/span>&#119;a&#110;&#100;&#101;rn&#100;&#101;l&#117;&#120;&#101;&#046;&#100;&#101;<\/span><\/span><br \/>\n                    <span class=\"cmplz-contact-telephone\"><\/span><\/p>\n<p>Cette politique de cookies a \u00e9t\u00e9 synchronis\u00e9e avec <a href=\"https:\/\/cookiedatabase.org\/\" target=\"_blank\" rel=\"noopener\">cookiedatabase.org<\/a> le 4 mai 2025.<\/p>\n<\/div>\n<\/div>\n<\/div><\/div><div id=\"panel-28028-0-0-1\" class=\"so-panel widget widget_sow-editor panel-last-child\" data-index=\"1\" ><div\n\t\t\t\n\t\t\tclass=\"so-widget-sow-editor so-widget-sow-editor-base\"\n\t\t\t\n\t\t>\n<div class=\"siteorigin-widget-tinymce textwidget\">\n\t<p>Vous avez donn\u00e9 votre consentement aux cat\u00e9gories de cookies suivantes\u00a0:<\/p>\n<div id=\"cmplz-manage-consent-container-nojavascript\">Tu as charg\u00e9 la politique de cookies sans le support de javascript. Sur AMP, tu peux utiliser l'onglet de gestion du consentement en bas de la page.<\/div>\n<div id=\"cmplz-manage-consent-container\" name=\"cmplz-manage-consent-container\" class=\"cmplz-manage-consent-container\"><\/div>\n<p>Vous pouvez r\u00e9voquer ou redonner votre consentement \u00e0 tout moment\u00a0:<\/p>\n<style>.cmplz-status-accepted,.cmplz-status-denied {display: none;}<\/style>\n<p>\t\t\t\t<script>\n\t\t\t\tdocument.addEventListener('cmplz_before_cookiebanner', function(){\n                    if (cmplz_has_consent('marketing')) {\n\t\t\t\t        document.querySelector('.cmplz-status-accepted').style.display = 'block';\n\t\t\t\t        document.querySelector('.cmplz-status-denied').style.display = 'none';\n\t\t\t\t    } else {\n\t\t\t\t\t\tdocument.querySelector('.cmplz-status-accepted').style.display = 'none';\n\t\t\t\t        document.querySelector('.cmplz-status-denied').style.display = 'block';\n\t\t\t\t\t\tdocument.querySelector('.cmplz-revoke-custom').setAttribute('disabled', true);<\/p>\n<p>\t\t\t\t    }\n                    document.addEventListener('click', e => {\n\t\t\t\t\t\tif ( e.target.closest('.cmplz-revoke-custom') ) {\n\t\t\t\t\t\t\tdocument.querySelector('.cmplz-revoke-custom').setAttribute('disabled', true);\n                            cmplz_set_banner_status('dismissed');\n\t\t\t\t\t\t}\n\t\t\t\t\t});\n                    document.addEventListener('click', e => {\n\t\t\t\t\t\tif ( e.target.closest('.cmplz-accept') ) {\n                            document.querySelector('.cmplz-status-accepted').style.display = 'block';\n\t\t\t\t        \tdocument.querySelector('.cmplz-status-denied').style.display = 'none';\n\t\t\t\t\t\t\tdocument.querySelector('.cmplz-revoke-custom').removeAttribute('disabled');\n\t\t\t\t\t\t}\n\t\t\t\t\t});\n\t\t\t\t});\n\t\t\t<\/script><button class=\"cmplz-deny cmplz-revoke-custom\">R\u00e9voquer le consentement aux cookies<\/button>&nbsp;<span class=\"cmplz-status-accepted\">\u00c9tat actuel : Accept\u00e9<\/span><span class=\"cmplz-status-denied\">\u00c9tat actuel : Refus\u00e9<\/span><\/p>\n<div class=\"cmplz-custom-accept-btn cmplz-accept\"><a href=\"#\">Accorder le consentement aux cookies<\/a><\/div>\n<\/div>\n<\/div><\/div><\/div><\/div><\/div>","protected":false},"excerpt":{"rendered":"<p>Vous avez donn\u00e9 votre consentement aux cat\u00e9gories de cookies suivantes : Vous pouvez r\u00e9voquer ou donner \u00e0 nouveau votre consentement \u00e0 tout moment :<\/p>","protected":false},"author":1,"featured_media":0,"parent":0,"menu_order":0,"comment_status":"closed","ping_status":"closed","template":"","meta":{"footnotes":""},"class_list":["post-28028","page","type-page","status-publish","hentry","post"],"_links":{"self":[{"href":"https:\/\/www.rundwanderung-lagomera.de\/fr\/wp-json\/wp\/v2\/pages\/28028","targetHints":{"allow":["GET"]}}],"collection":[{"href":"https:\/\/www.rundwanderung-lagomera.de\/fr\/wp-json\/wp\/v2\/pages"}],"about":[{"href":"https:\/\/www.rundwanderung-lagomera.de\/fr\/wp-json\/wp\/v2\/types\/page"}],"author":[{"embeddable":true,"href":"https:\/\/www.rundwanderung-lagomera.de\/fr\/wp-json\/wp\/v2\/users\/1"}],"replies":[{"embeddable":true,"href":"https:\/\/www.rundwanderung-lagomera.de\/fr\/wp-json\/wp\/v2\/comments?post=28028"}],"version-history":[{"count":2,"href":"https:\/\/www.rundwanderung-lagomera.de\/fr\/wp-json\/wp\/v2\/pages\/28028\/revisions"}],"predecessor-version":[{"id":28033,"href":"https:\/\/www.rundwanderung-lagomera.de\/fr\/wp-json\/wp\/v2\/pages\/28028\/revisions\/28033"}],"wp:attachment":[{"href":"https:\/\/www.rundwanderung-lagomera.de\/fr\/wp-json\/wp\/v2\/media?parent=28028"}],"curies":[{"name":"wp","href":"https:\/\/api.w.org\/{rel}","templated":true}]}}