{"id":27264,"date":"2020-03-12T11:11:47","date_gmt":"2020-03-12T10:11:47","guid":{"rendered":"https:\/\/www.rundwanderung-lagomera.de\/?page_id=27264"},"modified":"2022-10-03T10:44:20","modified_gmt":"2022-10-03T08:44:20","slug":"traduction-vers-dautres-langues","status":"publish","type":"page","link":"https:\/\/www.rundwanderung-lagomera.de\/fr\/uebersetzung-in-andere-sprachen\/","title":{"rendered":"Traduction dans d&#039;autres langues"},"content":{"rendered":"<div id=\"pl-27264\"  class=\"panel-layout\" ><div id=\"pg-27264-0\"  class=\"panel-grid panel-no-style\" ><div id=\"pgc-27264-0-0\"  class=\"panel-grid-cell\" ><div id=\"panel-27264-0-0-0\" class=\"so-panel widget widget_sow-editor panel-first-child panel-last-child\" data-index=\"0\" ><div\n\t\t\t\n\t\t\tclass=\"so-widget-sow-editor so-widget-sow-editor-base\"\n\t\t\t\n\t\t><h3 class=\"widget-title\">Traduction automatique de l&#039;allemand<\/h3>\n<div class=\"siteorigin-widget-tinymce textwidget\">\n\t<p>Gr\u00e2ce \u00e0 la technologie de traduction moderne, nous avons rendu ce site Web disponible dans d&#039;autres langues. Bien qu&#039;il ne s&#039;agisse que d&#039;une traduction automatique, la qualit\u00e9 est \u00e9tonnamment \u00e9lev\u00e9e\u00a0! Les traductions ne sont pas compl\u00e8tement exemptes d&#039;erreurs. Si la lisibilit\u00e9 n&#039;en souffre pas, nous nous excusons pour les erreurs mineures ou les faiblesses dans les traductions\u00a0!<\/p>\n<\/div>\n<\/div><\/div><\/div><div id=\"pgc-27264-0-1\"  class=\"panel-grid-cell\" ><div id=\"panel-27264-0-1-0\" class=\"so-panel widget widget_sow-image panel-first-child panel-last-child\" data-index=\"1\" ><div\n\t\t\t\n\t\t\tclass=\"so-widget-sow-image so-widget-sow-image-default-8b5b6f678277-27264\"\n\t\t\t\n\t\t>\n<div class=\"sow-image-container\">\n\t\t\t<a href=\"https:\/\/www.rundwanderung-lagomera.de\/wp-content\/uploads\/2020\/03\/Mehrsprachigkeit-La-Gomera.jpg\"\n\t\t\t\t\t>\n\t\t\t<img \n\tsrc=\"https:\/\/www.rundwanderung-lagomera.de\/wp-content\/uploads\/2020\/03\/Mehrsprachigkeit-La-Gomera.jpg\" width=\"800\" height=\"800\" srcset=\"https:\/\/www.rundwanderung-lagomera.de\/wp-content\/uploads\/2020\/03\/Mehrsprachigkeit-La-Gomera.jpg 800w, https:\/\/www.rundwanderung-lagomera.de\/wp-content\/uploads\/2020\/03\/Mehrsprachigkeit-La-Gomera-300x300.jpg 300w, https:\/\/www.rundwanderung-lagomera.de\/wp-content\/uploads\/2020\/03\/Mehrsprachigkeit-La-Gomera-150x150.jpg 150w, https:\/\/www.rundwanderung-lagomera.de\/wp-content\/uploads\/2020\/03\/Mehrsprachigkeit-La-Gomera-768x768.jpg 768w\" sizes=\"(max-width: 800px) 100vw, 800px\" title=\"Perroquet multilingue \u00e0 l&#039;h\u00f4tel &quot;Parador de La Gomera&quot;\" alt=\"\" \t\tclass=\"so-widget-image\"\/>\n\t\t\t<\/a><\/div>\n\n<h3 class=\"widget-title\">Perroquet multilingue \u00e0 l&#039;h\u00f4tel &quot;Parador de La Gomera&quot;<\/h3><\/div><\/div><\/div><\/div><\/div>","protected":false},"excerpt":{"rendered":"<p>Gr\u00e2ce \u00e0 la technologie de traduction moderne, nous avons rendu ce site Web disponible dans d&#039;autres langues. Bien qu&#039;il ne s&#039;agisse que d&#039;une traduction automatique, la qualit\u00e9 est \u00e9tonnamment \u00e9lev\u00e9e\u00a0! Les traductions ne sont pas compl\u00e8tement exemptes d&#039;erreurs. Si la lisibilit\u00e9 n&#039;en souffre pas, nous nous excusons pour les erreurs mineures ou les faiblesses dans les traductions\u00a0!<\/p>","protected":false},"author":1,"featured_media":0,"parent":0,"menu_order":0,"comment_status":"closed","ping_status":"closed","template":"","meta":{"footnotes":""},"class_list":["post-27264","page","type-page","status-publish","hentry","post"],"_links":{"self":[{"href":"https:\/\/www.rundwanderung-lagomera.de\/fr\/wp-json\/wp\/v2\/pages\/27264","targetHints":{"allow":["GET"]}}],"collection":[{"href":"https:\/\/www.rundwanderung-lagomera.de\/fr\/wp-json\/wp\/v2\/pages"}],"about":[{"href":"https:\/\/www.rundwanderung-lagomera.de\/fr\/wp-json\/wp\/v2\/types\/page"}],"author":[{"embeddable":true,"href":"https:\/\/www.rundwanderung-lagomera.de\/fr\/wp-json\/wp\/v2\/users\/1"}],"replies":[{"embeddable":true,"href":"https:\/\/www.rundwanderung-lagomera.de\/fr\/wp-json\/wp\/v2\/comments?post=27264"}],"version-history":[{"count":11,"href":"https:\/\/www.rundwanderung-lagomera.de\/fr\/wp-json\/wp\/v2\/pages\/27264\/revisions"}],"predecessor-version":[{"id":32843,"href":"https:\/\/www.rundwanderung-lagomera.de\/fr\/wp-json\/wp\/v2\/pages\/27264\/revisions\/32843"}],"wp:attachment":[{"href":"https:\/\/www.rundwanderung-lagomera.de\/fr\/wp-json\/wp\/v2\/media?parent=27264"}],"curies":[{"name":"wp","href":"https:\/\/api.w.org\/{rel}","templated":true}]}}