{"id":23,"date":"2014-10-19T15:58:53","date_gmt":"2014-10-19T15:58:53","guid":{"rendered":"https:\/\/www.rundwanderung-lagomera.de\/?page_id=23"},"modified":"2022-08-07T09:51:23","modified_gmt":"2022-08-07T07:51:23","slug":"home","status":"publish","type":"page","link":"https:\/\/www.rundwanderung-lagomera.de\/fr\/","title":{"rendered":"Randonn\u00e9e longue distance : faire le tour de La Gomera en 6 jours"},"content":{"rendered":"<div id=\"pl-23\"  class=\"panel-layout\" ><div id=\"pg-23-0\"  class=\"panel-grid panel-no-style\" ><div id=\"pgc-23-0-0\"  class=\"panel-grid-cell\" ><div id=\"panel-23-0-0-0\" class=\"so-panel widget widget_circleicon-widget panel-first-child panel-last-child\" data-index=\"0\" >\t\t<div class=\"circle-icon-box circle-icon-position-top circle-icon-hide-box circle-icon-size-small\">\n\t\t\t<div class=\"circle-icon-wrapper\">\n\t\t\t\t<a href=\"https:\/\/www.rundwanderung-lagomera.de\/fr\/categorie\/points-forts\/\" class=\"link-icon\" >\t\t\t\t<div class=\"circle-icon icon-style-set\" style=\"background-color: #828282\">\n\t\t\t\t\t<div class=\"fa fa-camera icon-color-set\" ><\/div>\t\t\t\t<\/div>\n\t\t\t\t<\/a>\t\t\t<\/div>\n\n\t\t\t<a href=\"https:\/\/www.rundwanderung-lagomera.de\/fr\/categorie\/points-forts\/\" class=\"link-title\" >\t\t\t<h4 >points forts<\/h4>\t\t\t<\/a>\n\t\t\t<p class=\"text\" >des vues, des paysages et des moments fantastiques<\/p>\t\t\t\t\t\t\t<a href=\"https:\/\/www.rundwanderung-lagomera.de\/fr\/categorie\/points-forts\/\" class=\"more-button\" >Suite <i><\/i><\/a>\n\t\t\t\t\t<\/div>\n\t\t<\/div><\/div><div id=\"pgc-23-0-1\"  class=\"panel-grid-cell\" ><div id=\"panel-23-0-1-0\" class=\"so-panel widget widget_circleicon-widget panel-first-child panel-last-child\" data-index=\"1\" >\t\t<div class=\"circle-icon-box circle-icon-position-top circle-icon-hide-box circle-icon-size-small\">\n\t\t\t<div class=\"circle-icon-wrapper\">\n\t\t\t\t<a href=\"https:\/\/www.rundwanderung-lagomera.de\/fr\/categorie\/etapes\/\" class=\"link-icon\" >\t\t\t\t<div class=\"circle-icon icon-style-set\" style=\"background-color: #828282\">\n\t\t\t\t\t<div class=\"fa fa-th-list icon-color-set\" ><\/div>\t\t\t\t<\/div>\n\t\t\t\t<\/a>\t\t\t<\/div>\n\n\t\t\t<a href=\"https:\/\/www.rundwanderung-lagomera.de\/fr\/categorie\/etapes\/\" class=\"link-title\" >\t\t\t<h4 >\u00e9tapes<\/h4>\t\t\t<\/a>\n\t\t\t<p class=\"text\" >Aper\u00e7u des diff\u00e9rentes \u00e9tapes de la randonn\u00e9e circulaire<\/p>\t\t\t\t\t\t\t<a href=\"https:\/\/www.rundwanderung-lagomera.de\/fr\/categorie\/etapes\/\" class=\"more-button\" >Suite <i><\/i><\/a>\n\t\t\t\t\t<\/div>\n\t\t<\/div><\/div><div id=\"pgc-23-0-2\"  class=\"panel-grid-cell\" ><div id=\"panel-23-0-2-0\" class=\"so-panel widget widget_circleicon-widget panel-first-child panel-last-child\" data-index=\"2\" >\t\t<div class=\"circle-icon-box circle-icon-position-top circle-icon-hide-box circle-icon-size-small\">\n\t\t\t<div class=\"circle-icon-wrapper\">\n\t\t\t\t<a href=\"https:\/\/www.rundwanderung-lagomera.de\/fr\/categorie\/hebergement\/\" class=\"link-icon\" >\t\t\t\t<div class=\"circle-icon icon-style-set\" style=\"background-color: #828282\">\n\t\t\t\t\t<div class=\"fa fa-suitcase icon-color-set\" ><\/div>\t\t\t\t<\/div>\n\t\t\t\t<\/a>\t\t\t<\/div>\n\n\t\t\t<a href=\"https:\/\/www.rundwanderung-lagomera.de\/fr\/categorie\/hebergement\/\" class=\"link-title\" >\t\t\t<h4 >h\u00e9bergements<\/h4>\t\t\t<\/a>\n\t\t\t<p class=\"text\" >h\u00f4tels et chambres d&#039;h\u00f4tes s\u00e9lectionn\u00e9s<\/p>\t\t\t\t\t\t\t<a href=\"https:\/\/www.rundwanderung-lagomera.de\/fr\/categorie\/hebergement\/\" class=\"more-button\" >Suite <i><\/i><\/a>\n\t\t\t\t\t<\/div>\n\t\t<\/div><\/div><div id=\"pgc-23-0-3\"  class=\"panel-grid-cell\" ><div id=\"panel-23-0-3-0\" class=\"so-panel widget widget_circleicon-widget panel-first-child panel-last-child\" data-index=\"3\" >\t\t<div class=\"circle-icon-box circle-icon-position-top circle-icon-hide-box circle-icon-size-small\">\n\t\t\t<div class=\"circle-icon-wrapper\">\n\t\t\t\t<a href=\"https:\/\/www.rundwanderung-lagomera.de\/fr\/categorie\/materiel-cartographique\/\" class=\"link-icon\" >\t\t\t\t<div class=\"circle-icon icon-style-set\" style=\"background-color: #828282\">\n\t\t\t\t\t<div class=\"fa fa-compass icon-color-set\" ><\/div>\t\t\t\t<\/div>\n\t\t\t\t<\/a>\t\t\t<\/div>\n\n\t\t\t<a href=\"https:\/\/www.rundwanderung-lagomera.de\/fr\/categorie\/materiel-cartographique\/\" class=\"link-title\" >\t\t\t<h4 >Plans<\/h4>\t\t\t<\/a>\n\t\t\t<p class=\"text\" >Cartes en ligne et hors ligne<\/p>\t\t\t\t\t\t\t<a href=\"https:\/\/www.rundwanderung-lagomera.de\/fr\/categorie\/materiel-cartographique\/\" class=\"more-button\" >Suite <i><\/i><\/a>\n\t\t\t\t\t<\/div>\n\t\t<\/div><\/div><div id=\"pgc-23-0-4\"  class=\"panel-grid-cell\" ><div id=\"panel-23-0-4-0\" class=\"so-panel widget widget_circleicon-widget panel-first-child panel-last-child\" data-index=\"4\" >\t\t<div class=\"circle-icon-box circle-icon-position-top circle-icon-hide-box circle-icon-size-small\">\n\t\t\t<div class=\"circle-icon-wrapper\">\n\t\t\t\t<a href=\"https:\/\/www.rundwanderung-lagomera.de\/fr\/categorie\/une-facon\/\" class=\"link-icon\" >\t\t\t\t<div class=\"circle-icon icon-style-set\" style=\"background-color: #828282\">\n\t\t\t\t\t<div class=\"fa fa-plane icon-color-set\" ><\/div>\t\t\t\t<\/div>\n\t\t\t\t<\/a>\t\t\t<\/div>\n\n\t\t\t<a href=\"https:\/\/www.rundwanderung-lagomera.de\/fr\/categorie\/une-facon\/\" class=\"link-title\" >\t\t\t<h4 >y arriver<\/h4>\t\t\t<\/a>\n\t\t\t<p class=\"text\" >Conseils \u00e0 l&#039;arriv\u00e9e et au d\u00e9part <\/p>\t\t\t\t\t\t\t<a href=\"https:\/\/www.rundwanderung-lagomera.de\/fr\/categorie\/une-facon\/\" class=\"more-button\" >Suite <i><\/i><\/a>\n\t\t\t\t\t<\/div>\n\t\t<\/div><\/div><\/div><div id=\"pg-23-1\"  class=\"panel-grid panel-no-style\" ><div id=\"pgc-23-1-0\"  class=\"panel-grid-cell\" ><div id=\"panel-23-1-0-0\" class=\"so-panel widget widget_text panel-first-child panel-last-child\" data-index=\"5\" ><h3 class=\"widget-title\">Faites le tour de l&#039;\u00eele en une semaine !<\/h3>\t\t\t<div class=\"textwidget\"><p>Les randonneurs de montagne exp\u00e9riment\u00e9s peuvent se promener autour de La Gomera en quelques jours sur le sentier de randonn\u00e9e &quot;GR-132&quot; et offrent des vues spectaculaires sur les rochers escarp\u00e9s, la verdure luxuriante, la mer d&#039;un bleu profond et les \u00eeles voisines voisines.<\/p>\n<p>Quiconque s&#039;est d\u00e9j\u00e0 passionn\u00e9 pour des randonn\u00e9es plus exigeantes avec beaucoup de d\u00e9nivel\u00e9s dans les Alpes ne sera pas d\u00e9\u00e7u par La Gomera : la topographie de l&#039;\u00eele, riche en canyons, ne permet gu\u00e8re une \u00e9tape quotidienne \u00e0 moins de 1000 m\u00e8tres de d\u00e9nivel\u00e9. . Les nombreux d\u00e9nivel\u00e9s ont leurs avantages, car ils assurent une extr\u00eame vari\u00e9t\u00e9 \u00e0 chaque \u00e9tape lors de la travers\u00e9e des diff\u00e9rentes zones climatiques de l&#039;\u00eele ! L&#039;\u00eele est donc une destination id\u00e9ale pour un petit projet de randonn\u00e9e longue distance. Pour les alpinistes enthousiastes, l&#039;\u00eele est particuli\u00e8rement int\u00e9ressante dans la moiti\u00e9 la plus froide de l&#039;ann\u00e9e en raison de son climat stable toute l&#039;ann\u00e9e, ce qui vous permet de combler le temps d&#039;attente jusqu&#039;\u00e0 ce que la prochaine saison de randonn\u00e9e dans les Alpes commence au d\u00e9but de l&#039;\u00e9t\u00e9 !<\/p>\n<p>Il vaut aussi certainement la peine de prolonger de quelques jours son s\u00e9jour \u00e0 La Gomera apr\u00e8s la randonn\u00e9e circulaire pour se d\u00e9tendre : l&#039;atmosph\u00e8re de cette petite \u00eele \u00e0 l&#039;\u00e9cart du tourisme de masse est tout simplement enchanteresse !<\/p>\n<\/div>\n\t\t<\/div><\/div><div id=\"pgc-23-1-1\"  class=\"panel-grid-cell\" ><div id=\"panel-23-1-1-0\" class=\"so-panel widget widget_sow-image panel-first-child panel-last-child\" data-index=\"6\" ><div\n\t\t\t\n\t\t\tclass=\"so-widget-sow-image so-widget-sow-image-default-dbf295114b96-23\"\n\t\t\t\n\t\t>\n<div class=\"sow-image-container\">\n\t\t\t<a href=\"https:\/\/www.rundwanderung-lagomera.de\/wp-content\/uploads\/2014\/10\/la-gomera-rundwanderung-startseite-1-weg-an-palmen-vorbei.jpg\"\n\t\t\t\t\t>\n\t\t\t<img \n\tsrc=\"https:\/\/www.rundwanderung-lagomera.de\/wp-content\/uploads\/2014\/10\/la-gomera-rundwanderung-startseite-1-weg-an-palmen-vorbei.jpg\" width=\"800\" height=\"600\" srcset=\"https:\/\/www.rundwanderung-lagomera.de\/wp-content\/uploads\/2014\/10\/la-gomera-rundwanderung-startseite-1-weg-an-palmen-vorbei.jpg 800w, https:\/\/www.rundwanderung-lagomera.de\/wp-content\/uploads\/2014\/10\/la-gomera-rundwanderung-startseite-1-weg-an-palmen-vorbei-300x225.jpg 300w\" sizes=\"(max-width: 800px) 100vw, 800px\" title=\"randonn\u00e9e circulaire de la gomera \u2013 page de d\u00e9part 1 \u2013 chemin le long des palmiers\" alt=\"Photo-chemin-pass\u00e9-palmiers\" \t\tclass=\"so-widget-image\"\/>\n\t\t\t<\/a><\/div>\n\n<\/div><\/div><\/div><\/div><div id=\"pg-23-2\"  class=\"panel-grid panel-no-style\" ><div id=\"pgc-23-2-0\"  class=\"panel-grid-cell\" ><div id=\"panel-23-2-0-0\" class=\"so-panel widget widget_sow-image panel-first-child panel-last-child\" data-index=\"7\" ><div\n\t\t\t\n\t\t\tclass=\"so-widget-sow-image so-widget-sow-image-default-dbf295114b96-23\"\n\t\t\t\n\t\t>\n<div class=\"sow-image-container\">\n\t\t\t<a href=\"https:\/\/www.rundwandern-lagomera.de\/wp-content\/uploads\/2014\/10\/la-gomera-rundwandern-startseite-2-wegweiser-f\u00fcr-den-GR-132.jpg\"\n\t\t\t\t\t>\n\t\t\t<img \n\tsrc=\"https:\/\/www.rundwandern-lagomera.de\/wp-content\/uploads\/2014\/10\/la-gomera-rundwandern-startseite-2-wegweiser-f\u00fcr-den-GR-132.jpg\" width=\"800\" height=\"600\" srcset=\"\" sizes=\"(max-width: 800px) 100vw, 800px\" title=\"randonn\u00e9e circulaire de la gomera - page de d\u00e9part 2 - panneau pour le GR-132\" alt=\"Guide-photo-pour-le-GR-132\" \t\tclass=\"so-widget-image\" data-srcset=\"\"\/>\n\t\t\t<\/a><\/div>\n\n<\/div><\/div><\/div><div id=\"pgc-23-2-1\"  class=\"panel-grid-cell\" ><div id=\"panel-23-2-1-0\" class=\"so-panel widget widget_text panel-first-child\" data-index=\"8\" >\t\t\t<div class=\"textwidget\"><p>Nous avons nous-m\u00eames fait le tour de l&#039;\u00eele pour la premi\u00e8re fois en hiver 2014\/2015. Comme il n&#039;y avait pas de mat\u00e9riel appropri\u00e9 disponible sur ce trek \u00e0 l&#039;\u00e9poque, nous avons d\u00e9cid\u00e9 de compiler notre organisation, nos recherches et notre exp\u00e9rience de voyage dans ce petit guide de trek en ligne. Nous avons d\u00e9coup\u00e9 nos \u00e9tapes en fonction de la disponibilit\u00e9 des h\u00e9bergements (r\u00e9servables en ligne) et avons donc d\u00e9vi\u00e9 du GR-132 officiel \u00e0 quelques endroits.<\/p>\n<p>Si vous souhaitez randonner sur notre parcours, il ne faut pas sous-estimer la longueur des \u00e9tapes quotidiennes ! Les \u00e9tapes exigent des randonn\u00e9es d&#039;une journ\u00e9e compl\u00e8te qui ne doivent \u00eatre abord\u00e9es qu&#039;avec un bon \u00e9quipement de randonn\u00e9e et des r\u00e9serves d&#039;eau \/ provisions suffisantes. Dans tous les cas, l&#039;effort en vaut la peine !<\/p>\n<p>Bonne randonn\u00e9e\u00a0!<\/p>\n<p>Franc<\/p>\n<\/div>\n\t\t<\/div><div id=\"panel-23-2-1-1\" class=\"so-panel widget widget_sow-image panel-last-child\" data-index=\"9\" ><div\n\t\t\t\n\t\t\tclass=\"so-widget-sow-image so-widget-sow-image-default-8b5b6f678277-23\"\n\t\t\t\n\t\t>\n<div class=\"sow-image-container\">\n\t\t<img \n\tsrc=\"https:\/\/www.rundwanderung-lagomera.de\/wp-content\/uploads\/2022\/08\/Profil-Frank-2020-150x150.jpg\" width=\"150\" height=\"150\" srcset=\"https:\/\/www.rundwanderung-lagomera.de\/wp-content\/uploads\/2022\/08\/Profil-Frank-2020-150x150.jpg 150w, https:\/\/www.rundwanderung-lagomera.de\/wp-content\/uploads\/2022\/08\/Profil-Frank-2020-300x300.jpg 300w, https:\/\/www.rundwanderung-lagomera.de\/wp-content\/uploads\/2022\/08\/Profil-Frank-2020.jpg 696w\" sizes=\"(max-width: 150px) 100vw, 150px\" alt=\"\" \t\tclass=\"so-widget-image\"\/>\n\t<\/div>\n\n<\/div><\/div><\/div><\/div><div id=\"pg-23-3\"  class=\"panel-grid panel-no-style\" ><div id=\"pgc-23-3-0\"  class=\"panel-grid-cell\" ><div id=\"panel-23-3-0-0\" class=\"so-panel widget widget_text panel-first-child\" data-index=\"10\" ><h3 class=\"widget-title\">Nouveau : transport des bagages et carte de randonn\u00e9e PDF<\/h3>\t\t\t<div class=\"textwidget\"><p>Le transport de bagages pour les voyageurs individuels est d\u00e9sormais \u00e9galement disponible sur La Gomera : <a href=\"https:\/\/www.rundwanderung-lagomera.de\/fr\/transport-de-bagages-en-taxi\/\">Informations sur le transport des bagages<\/a>.<\/p>\n<p><a href=\"https:\/\/www.rundwanderung-lagomera.de\/fr\/carte-randonnee-telechargement-pdf\/\">De plus, nous avons r\u00e9cemment commenc\u00e9 \u00e0 proposer une carte de randonn\u00e9e PDF pour La Gomera \u00e0 t\u00e9l\u00e9charger<\/a>.<\/p>\n<p>Et il y a bien d&#039;autres randonn\u00e9es longue distance en M\u00e9diterran\u00e9e et des id\u00e9es pour vos prochaines vacances de randonn\u00e9e sur : <a href=\"https:\/\/www.wanderndeluxe.de\/\" target=\"_blank\" rel=\"noopener\">www.wanderndeluxe.de<\/a><\/p>\n<\/div>\n\t\t<\/div><div id=\"panel-23-3-0-1\" class=\"so-panel widget widget_sow-image panel-last-child\" data-index=\"11\" ><div\n\t\t\t\n\t\t\tclass=\"so-widget-sow-image so-widget-sow-image-default-dbf295114b96-23\"\n\t\t\t\n\t\t>\n<div class=\"sow-image-container\">\n\t\t\t<a href=\"https:\/\/www.rundwanderung-lagomera.de\/wp-content\/uploads\/2015\/01\/la-gomera-highlights-blick-auf-den-Teide-2.jpg\">\n\t\t\t<img \n\tsrc=\"https:\/\/www.rundwanderung-lagomera.de\/wp-content\/uploads\/2015\/01\/la-gomera-highlights-blick-auf-den-Teide-2.jpg\" width=\"1200\" height=\"1200\" srcset=\"https:\/\/www.rundwanderung-lagomera.de\/wp-content\/uploads\/2015\/01\/la-gomera-highlights-blick-auf-den-Teide-2.jpg 1200w, https:\/\/www.rundwanderung-lagomera.de\/wp-content\/uploads\/2015\/01\/la-gomera-highlights-blick-auf-den-Teide-2-150x150.jpg 150w, https:\/\/www.rundwanderung-lagomera.de\/wp-content\/uploads\/2015\/01\/la-gomera-highlights-blick-auf-den-Teide-2-300x300.jpg 300w, https:\/\/www.rundwanderung-lagomera.de\/wp-content\/uploads\/2015\/01\/la-gomera-highlights-blick-auf-den-Teide-2-1024x1024.jpg 1024w\" sizes=\"(max-width: 1200px) 100vw, 1200px\" title=\"Faits saillants de La Gomera - Vue sur le mont Teide\" alt=\"Image: La-gomera-highlights-view-of-the-Teide\" \t\tclass=\"so-widget-image\"\/>\n\t\t\t<\/a><\/div>\n\n<\/div><\/div><\/div><\/div><\/div>","protected":false},"excerpt":{"rendered":"<p>La Gomera l\u00e4sst sich von ge\u00fcbten Bergwanderern innerhalb weniger Tage auf dem Wanderweg &#8222;GR-132&#8220; zu Fu\u00df umrunden und bietet spektakul\u00e4re Ausblicke auf schroffe Felsen, sattes Gr\u00fcn, das tiefblaue Meer und die nahe gelegenen Nachbarinseln. Wer sich schon in den Alpen an anspruchsvolleren Wanderungen mit reichlich H\u00f6henmetern begeistern konnte, der wird von La Gomera nicht entt\u00e4uscht [&hellip;]<\/p>\n","protected":false},"author":1,"featured_media":0,"parent":0,"menu_order":0,"comment_status":"closed","ping_status":"closed","template":"home-panels.php","meta":{"footnotes":""},"class_list":["post-23","page","type-page","status-publish","hentry","post"],"_links":{"self":[{"href":"https:\/\/www.rundwanderung-lagomera.de\/fr\/wp-json\/wp\/v2\/pages\/23","targetHints":{"allow":["GET"]}}],"collection":[{"href":"https:\/\/www.rundwanderung-lagomera.de\/fr\/wp-json\/wp\/v2\/pages"}],"about":[{"href":"https:\/\/www.rundwanderung-lagomera.de\/fr\/wp-json\/wp\/v2\/types\/page"}],"author":[{"embeddable":true,"href":"https:\/\/www.rundwanderung-lagomera.de\/fr\/wp-json\/wp\/v2\/users\/1"}],"replies":[{"embeddable":true,"href":"https:\/\/www.rundwanderung-lagomera.de\/fr\/wp-json\/wp\/v2\/comments?post=23"}],"version-history":[{"count":17,"href":"https:\/\/www.rundwanderung-lagomera.de\/fr\/wp-json\/wp\/v2\/pages\/23\/revisions"}],"predecessor-version":[{"id":27272,"href":"https:\/\/www.rundwanderung-lagomera.de\/fr\/wp-json\/wp\/v2\/pages\/23\/revisions\/27272"}],"wp:attachment":[{"href":"https:\/\/www.rundwanderung-lagomera.de\/fr\/wp-json\/wp\/v2\/media?parent=23"}],"curies":[{"name":"wp","href":"https:\/\/api.w.org\/{rel}","templated":true}]}}