{"id":23,"date":"2014-10-19T15:58:53","date_gmt":"2014-10-19T15:58:53","guid":{"rendered":"https:\/\/www.rundwanderung-lagomera.de\/?page_id=23"},"modified":"2022-08-07T09:51:23","modified_gmt":"2022-08-07T07:51:23","slug":"home","status":"publish","type":"page","link":"https:\/\/www.rundwanderung-lagomera.de\/es\/","title":{"rendered":"Senderismo de larga distancia: Circunnavega La Gomera en 6 d\u00edas"},"content":{"rendered":"<div id=\"pl-23\"  class=\"panel-layout\" ><div id=\"pg-23-0\"  class=\"panel-grid panel-no-style\" ><div id=\"pgc-23-0-0\"  class=\"panel-grid-cell\" ><div id=\"panel-23-0-0-0\" class=\"so-panel widget widget_circleicon-widget panel-first-child panel-last-child\" data-index=\"0\" >\t\t<div class=\"circle-icon-box circle-icon-position-top circle-icon-hide-box circle-icon-size-small\">\n\t\t\t<div class=\"circle-icon-wrapper\">\n\t\t\t\t<a href=\"https:\/\/www.rundwanderung-lagomera.de\/es\/categoria\/destacar\/\" class=\"link-icon\" >\t\t\t\t<div class=\"circle-icon icon-style-set\" style=\"background-color: #828282\">\n\t\t\t\t\t<div class=\"fa fa-camera icon-color-set\" ><\/div>\t\t\t\t<\/div>\n\t\t\t\t<\/a>\t\t\t<\/div>\n\n\t\t\t<a href=\"https:\/\/www.rundwanderung-lagomera.de\/es\/categoria\/destacar\/\" class=\"link-title\" >\t\t\t<h4 >Destacar<\/h4>\t\t\t<\/a>\n\t\t\t<p class=\"text\" >fant\u00e1sticas vistas, paisajes y momentos<\/p>\t\t\t\t\t\t\t<a href=\"https:\/\/www.rundwanderung-lagomera.de\/es\/categoria\/destacar\/\" class=\"more-button\" >m\u00e1s <i><\/i><\/a>\n\t\t\t\t\t<\/div>\n\t\t<\/div><\/div><div id=\"pgc-23-0-1\"  class=\"panel-grid-cell\" ><div id=\"panel-23-0-1-0\" class=\"so-panel widget widget_circleicon-widget panel-first-child panel-last-child\" data-index=\"1\" >\t\t<div class=\"circle-icon-box circle-icon-position-top circle-icon-hide-box circle-icon-size-small\">\n\t\t\t<div class=\"circle-icon-wrapper\">\n\t\t\t\t<a href=\"https:\/\/www.rundwanderung-lagomera.de\/es\/categoria\/etapas\/\" class=\"link-icon\" >\t\t\t\t<div class=\"circle-icon icon-style-set\" style=\"background-color: #828282\">\n\t\t\t\t\t<div class=\"fa fa-th-list icon-color-set\" ><\/div>\t\t\t\t<\/div>\n\t\t\t\t<\/a>\t\t\t<\/div>\n\n\t\t\t<a href=\"https:\/\/www.rundwanderung-lagomera.de\/es\/categoria\/etapas\/\" class=\"link-title\" >\t\t\t<h4 >etapas<\/h4>\t\t\t<\/a>\n\t\t\t<p class=\"text\" >Resumen de las etapas individuales de la caminata circular<\/p>\t\t\t\t\t\t\t<a href=\"https:\/\/www.rundwanderung-lagomera.de\/es\/categoria\/etapas\/\" class=\"more-button\" >m\u00e1s <i><\/i><\/a>\n\t\t\t\t\t<\/div>\n\t\t<\/div><\/div><div id=\"pgc-23-0-2\"  class=\"panel-grid-cell\" ><div id=\"panel-23-0-2-0\" class=\"so-panel widget widget_circleicon-widget panel-first-child panel-last-child\" data-index=\"2\" >\t\t<div class=\"circle-icon-box circle-icon-position-top circle-icon-hide-box circle-icon-size-small\">\n\t\t\t<div class=\"circle-icon-wrapper\">\n\t\t\t\t<a href=\"https:\/\/www.rundwanderung-lagomera.de\/es\/categoria\/alojamiento\/\" class=\"link-icon\" >\t\t\t\t<div class=\"circle-icon icon-style-set\" style=\"background-color: #828282\">\n\t\t\t\t\t<div class=\"fa fa-suitcase icon-color-set\" ><\/div>\t\t\t\t<\/div>\n\t\t\t\t<\/a>\t\t\t<\/div>\n\n\t\t\t<a href=\"https:\/\/www.rundwanderung-lagomera.de\/es\/categoria\/alojamiento\/\" class=\"link-title\" >\t\t\t<h4 >Alojamientos<\/h4>\t\t\t<\/a>\n\t\t\t<p class=\"text\" >hoteles y casas de hu\u00e9spedes seleccionados<\/p>\t\t\t\t\t\t\t<a href=\"https:\/\/www.rundwanderung-lagomera.de\/es\/categoria\/alojamiento\/\" class=\"more-button\" >m\u00e1s <i><\/i><\/a>\n\t\t\t\t\t<\/div>\n\t\t<\/div><\/div><div id=\"pgc-23-0-3\"  class=\"panel-grid-cell\" ><div id=\"panel-23-0-3-0\" class=\"so-panel widget widget_circleicon-widget panel-first-child panel-last-child\" data-index=\"3\" >\t\t<div class=\"circle-icon-box circle-icon-position-top circle-icon-hide-box circle-icon-size-small\">\n\t\t\t<div class=\"circle-icon-wrapper\">\n\t\t\t\t<a href=\"https:\/\/www.rundwanderung-lagomera.de\/es\/categoria\/material-del-mapa\/\" class=\"link-icon\" >\t\t\t\t<div class=\"circle-icon icon-style-set\" style=\"background-color: #828282\">\n\t\t\t\t\t<div class=\"fa fa-compass icon-color-set\" ><\/div>\t\t\t\t<\/div>\n\t\t\t\t<\/a>\t\t\t<\/div>\n\n\t\t\t<a href=\"https:\/\/www.rundwanderung-lagomera.de\/es\/categoria\/material-del-mapa\/\" class=\"link-title\" >\t\t\t<h4 >mapas<\/h4>\t\t\t<\/a>\n\t\t\t<p class=\"text\" >Mapas en l\u00ednea y fuera de l\u00ednea<\/p>\t\t\t\t\t\t\t<a href=\"https:\/\/www.rundwanderung-lagomera.de\/es\/categoria\/material-del-mapa\/\" class=\"more-button\" >m\u00e1s <i><\/i><\/a>\n\t\t\t\t\t<\/div>\n\t\t<\/div><\/div><div id=\"pgc-23-0-4\"  class=\"panel-grid-cell\" ><div id=\"panel-23-0-4-0\" class=\"so-panel widget widget_circleicon-widget panel-first-child panel-last-child\" data-index=\"4\" >\t\t<div class=\"circle-icon-box circle-icon-position-top circle-icon-hide-box circle-icon-size-small\">\n\t\t\t<div class=\"circle-icon-wrapper\">\n\t\t\t\t<a href=\"https:\/\/www.rundwanderung-lagomera.de\/es\/categoria\/lejos\/\" class=\"link-icon\" >\t\t\t\t<div class=\"circle-icon icon-style-set\" style=\"background-color: #828282\">\n\t\t\t\t\t<div class=\"fa fa-plane icon-color-set\" ><\/div>\t\t\t\t<\/div>\n\t\t\t\t<\/a>\t\t\t<\/div>\n\n\t\t\t<a href=\"https:\/\/www.rundwanderung-lagomera.de\/es\/categoria\/lejos\/\" class=\"link-title\" >\t\t\t<h4 >llegar all\u00ed<\/h4>\t\t\t<\/a>\n\t\t\t<p class=\"text\" >Consejos para la llegada y la salida. <\/p>\t\t\t\t\t\t\t<a href=\"https:\/\/www.rundwanderung-lagomera.de\/es\/categoria\/lejos\/\" class=\"more-button\" >m\u00e1s <i><\/i><\/a>\n\t\t\t\t\t<\/div>\n\t\t<\/div><\/div><\/div><div id=\"pg-23-1\"  class=\"panel-grid panel-no-style\" ><div id=\"pgc-23-1-0\"  class=\"panel-grid-cell\" ><div id=\"panel-23-1-0-0\" class=\"so-panel widget widget_text panel-first-child panel-last-child\" data-index=\"5\" ><h3 class=\"widget-title\">\u00a1Pasea por la isla en una semana!<\/h3>\t\t\t<div class=\"textwidget\"><p>Los excursionistas de monta\u00f1a experimentados pueden caminar alrededor de La Gomera en unos pocos d\u00edas en la ruta de senderismo &quot;GR-132&quot; y ofrece vistas espectaculares de rocas escarpadas, vegetaci\u00f3n exuberante, el mar azul profundo y las islas vecinas cercanas.<\/p>\n<p>Quien ya se haya entusiasmado con las rutas m\u00e1s exigentes y con muchos metros de altitud en los Alpes no se sentir\u00e1 defraudado por La Gomera: la topograf\u00eda de la isla, rica en ca\u00f1ones, apenas permite una etapa diaria de menos de 1000 metros de altitud . \u00a1Los muchos metros verticales tienen sus ventajas, ya que aseguran una variedad extrema en cada etapa al atravesar las diferentes zonas clim\u00e1ticas de la isla! Por lo tanto, la isla es un destino ideal para un peque\u00f1o proyecto de senderismo de larga distancia. Para los alpinistas entusiastas, la isla es particularmente interesante en la mitad m\u00e1s fr\u00eda del a\u00f1o debido a su clima estable durante todo el a\u00f1o, lo que le permite salvar el tiempo de espera hasta que comience la pr\u00f3xima temporada de senderismo en los Alpes a principios del verano.<\/p>\n<p>Definitivamente tambi\u00e9n vale la pena extender su estad\u00eda en La Gomera unos d\u00edas m\u00e1s despu\u00e9s de la caminata circular para relajarse: \u00a1el ambiente de esta peque\u00f1a isla alejada del turismo de masas es simplemente encantador!<\/p>\n<\/div>\n\t\t<\/div><\/div><div id=\"pgc-23-1-1\"  class=\"panel-grid-cell\" ><div id=\"panel-23-1-1-0\" class=\"so-panel widget widget_sow-image panel-first-child panel-last-child\" data-index=\"6\" ><div\n\t\t\t\n\t\t\tclass=\"so-widget-sow-image so-widget-sow-image-default-dbf295114b96-23\"\n\t\t\t\n\t\t>\n<div class=\"sow-image-container\">\n\t\t\t<a href=\"https:\/\/www.rundwanderung-lagomera.de\/wp-content\/uploads\/2014\/10\/la-gomera-rundwanderung-startseite-1-weg-an-palmen-vorbei.jpg\"\n\t\t\t\t\t>\n\t\t\t<img \n\tsrc=\"https:\/\/www.rundwanderung-lagomera.de\/wp-content\/uploads\/2014\/10\/la-gomera-rundwanderung-startseite-1-weg-an-palmen-vorbei.jpg\" width=\"800\" height=\"600\" srcset=\"https:\/\/www.rundwanderung-lagomera.de\/wp-content\/uploads\/2014\/10\/la-gomera-rundwanderung-startseite-1-weg-an-palmen-vorbei.jpg 800w, https:\/\/www.rundwanderung-lagomera.de\/wp-content\/uploads\/2014\/10\/la-gomera-rundwanderung-startseite-1-weg-an-palmen-vorbei-300x225.jpg 300w\" sizes=\"(max-width: 800px) 100vw, 800px\" title=\"caminata circular la gomera \u2013 p\u00e1gina de inicio 1 \u2013 camino entre palmeras\" alt=\"Picture-way-pasado-palmeras\" \t\tclass=\"so-widget-image\"\/>\n\t\t\t<\/a><\/div>\n\n<\/div><\/div><\/div><\/div><div id=\"pg-23-2\"  class=\"panel-grid panel-no-style\" ><div id=\"pgc-23-2-0\"  class=\"panel-grid-cell\" ><div id=\"panel-23-2-0-0\" class=\"so-panel widget widget_sow-image panel-first-child panel-last-child\" data-index=\"7\" ><div\n\t\t\t\n\t\t\tclass=\"so-widget-sow-image so-widget-sow-image-default-dbf295114b96-23\"\n\t\t\t\n\t\t>\n<div class=\"sow-image-container\">\n\t\t\t<a href=\"https:\/\/www.rundwandern-lagomera.de\/wp-content\/uploads\/2014\/10\/la-gomera-rundwandern-startseite-2-wegweiser-f\u00fcr-den-GR-132.jpg\"\n\t\t\t\t\t>\n\t\t\t<img \n\tsrc=\"https:\/\/www.rundwandern-lagomera.de\/wp-content\/uploads\/2014\/10\/la-gomera-rundwandern-startseite-2-wegweiser-f\u00fcr-den-GR-132.jpg\" width=\"800\" height=\"600\" srcset=\"\" sizes=\"(max-width: 800px) 100vw, 800px\" title=\"ruta circular por la gomera - p\u00e1gina de inicio 2 - se\u00f1al del GR-132\" alt=\"Gu\u00eda-imagen-para-el-GR-132\" \t\tclass=\"so-widget-image\" data-srcset=\"\"\/>\n\t\t\t<\/a><\/div>\n\n<\/div><\/div><\/div><div id=\"pgc-23-2-1\"  class=\"panel-grid-cell\" ><div id=\"panel-23-2-1-0\" class=\"so-panel widget widget_text panel-first-child\" data-index=\"8\" >\t\t\t<div class=\"textwidget\"><p>Hicimos una excursi\u00f3n por la isla nosotros mismos por primera vez en el invierno de 2014\/2015. Como no hab\u00eda material adecuado disponible sobre esta caminata en ese momento, decidimos compilar nuestra organizaci\u00f3n, investigaci\u00f3n y experiencia de viaje en esta peque\u00f1a gu\u00eda de caminata en l\u00ednea. Hemos recortado nuestras etapas de acuerdo con la disponibilidad de alojamiento (que se puede reservar en l\u00ednea) y, por lo tanto, nos hemos desviado del GR-132 oficial en algunos lugares.<\/p>\n<p>Si quieres hacer nuestra ruta, \u00a1no debes subestimar la duraci\u00f3n de las etapas diarias! Las etapas exigen caminatas de un d\u00eda completo que solo deben abordarse con un buen equipo de senderismo y suficientes suministros \/ provisiones de agua. En cualquier caso, \u00a1el esfuerzo merece la pena!<\/p>\n<p>\u00a1Feliz caminata!<\/p>\n<p>Franco<\/p>\n<\/div>\n\t\t<\/div><div id=\"panel-23-2-1-1\" class=\"so-panel widget widget_sow-image panel-last-child\" data-index=\"9\" ><div\n\t\t\t\n\t\t\tclass=\"so-widget-sow-image so-widget-sow-image-default-8b5b6f678277-23\"\n\t\t\t\n\t\t>\n<div class=\"sow-image-container\">\n\t\t<img \n\tsrc=\"https:\/\/www.rundwanderung-lagomera.de\/wp-content\/uploads\/2022\/08\/Profil-Frank-2020-150x150.jpg\" width=\"150\" height=\"150\" srcset=\"https:\/\/www.rundwanderung-lagomera.de\/wp-content\/uploads\/2022\/08\/Profil-Frank-2020-150x150.jpg 150w, https:\/\/www.rundwanderung-lagomera.de\/wp-content\/uploads\/2022\/08\/Profil-Frank-2020-300x300.jpg 300w, https:\/\/www.rundwanderung-lagomera.de\/wp-content\/uploads\/2022\/08\/Profil-Frank-2020.jpg 696w\" sizes=\"(max-width: 150px) 100vw, 150px\" alt=\"\" \t\tclass=\"so-widget-image\"\/>\n\t<\/div>\n\n<\/div><\/div><\/div><\/div><div id=\"pg-23-3\"  class=\"panel-grid panel-no-style\" ><div id=\"pgc-23-3-0\"  class=\"panel-grid-cell\" ><div id=\"panel-23-3-0-0\" class=\"so-panel widget widget_text panel-first-child\" data-index=\"10\" ><h3 class=\"widget-title\">Ahora nuevo: transporte de equipaje y mapa de senderismo en PDF<\/h3>\t\t\t<div class=\"textwidget\"><p>El transporte de equipaje para viajeros individuales ahora tambi\u00e9n est\u00e1 disponible en La Gomera: <a href=\"https:\/\/www.rundwanderung-lagomera.de\/es\/transporte-de-equipajes-en-taxi\/\">Informaci\u00f3n sobre el transporte de equipaje<\/a>.<\/p>\n<p><a href=\"https:\/\/www.rundwanderung-lagomera.de\/es\/senderismo-mapa-como-pdf-descargar\/\">Adem\u00e1s, recientemente comenzamos a ofrecer un mapa de senderismo en PDF para La Gomera para descargar.<\/a>.<\/p>\n<p>Y hay muchas m\u00e1s rutas de senderismo de largo recorrido por el Mediterr\u00e1neo e ideas para tus pr\u00f3ximas vacaciones de senderismo en: <a href=\"https:\/\/www.wanderndeluxe.de\/\" target=\"_blank\" rel=\"noopener\">www.wanderndeluxe.de<\/a><\/p>\n<\/div>\n\t\t<\/div><div id=\"panel-23-3-0-1\" class=\"so-panel widget widget_sow-image panel-last-child\" data-index=\"11\" ><div\n\t\t\t\n\t\t\tclass=\"so-widget-sow-image so-widget-sow-image-default-dbf295114b96-23\"\n\t\t\t\n\t\t>\n<div class=\"sow-image-container\">\n\t\t\t<a href=\"https:\/\/www.rundwanderung-lagomera.de\/wp-content\/uploads\/2015\/01\/la-gomera-highlights-blick-auf-den-Teide-2.jpg\">\n\t\t\t<img \n\tsrc=\"https:\/\/www.rundwanderung-lagomera.de\/wp-content\/uploads\/2015\/01\/la-gomera-highlights-blick-auf-den-Teide-2.jpg\" width=\"1200\" height=\"1200\" srcset=\"https:\/\/www.rundwanderung-lagomera.de\/wp-content\/uploads\/2015\/01\/la-gomera-highlights-blick-auf-den-Teide-2.jpg 1200w, https:\/\/www.rundwanderung-lagomera.de\/wp-content\/uploads\/2015\/01\/la-gomera-highlights-blick-auf-den-Teide-2-150x150.jpg 150w, https:\/\/www.rundwanderung-lagomera.de\/wp-content\/uploads\/2015\/01\/la-gomera-highlights-blick-auf-den-Teide-2-300x300.jpg 300w, https:\/\/www.rundwanderung-lagomera.de\/wp-content\/uploads\/2015\/01\/la-gomera-highlights-blick-auf-den-Teide-2-1024x1024.jpg 1024w\" sizes=\"(max-width: 1200px) 100vw, 1200px\" title=\"Puntos destacados de La Gomera - Vista del Teide\" alt=\"Imagen: La-gomera-destaca-vista-del-Teide\" \t\tclass=\"so-widget-image\"\/>\n\t\t\t<\/a><\/div>\n\n<\/div><\/div><\/div><\/div><\/div>","protected":false},"excerpt":{"rendered":"<p>La Gomera l\u00e4sst sich von ge\u00fcbten Bergwanderern innerhalb weniger Tage auf dem Wanderweg &#8222;GR-132&#8220; zu Fu\u00df umrunden und bietet spektakul\u00e4re Ausblicke auf schroffe Felsen, sattes Gr\u00fcn, das tiefblaue Meer und die nahe gelegenen Nachbarinseln. Wer sich schon in den Alpen an anspruchsvolleren Wanderungen mit reichlich H\u00f6henmetern begeistern konnte, der wird von La Gomera nicht entt\u00e4uscht [&hellip;]<\/p>\n","protected":false},"author":1,"featured_media":0,"parent":0,"menu_order":0,"comment_status":"closed","ping_status":"closed","template":"home-panels.php","meta":{"footnotes":""},"class_list":["post-23","page","type-page","status-publish","hentry","post"],"_links":{"self":[{"href":"https:\/\/www.rundwanderung-lagomera.de\/es\/wp-json\/wp\/v2\/pages\/23","targetHints":{"allow":["GET"]}}],"collection":[{"href":"https:\/\/www.rundwanderung-lagomera.de\/es\/wp-json\/wp\/v2\/pages"}],"about":[{"href":"https:\/\/www.rundwanderung-lagomera.de\/es\/wp-json\/wp\/v2\/types\/page"}],"author":[{"embeddable":true,"href":"https:\/\/www.rundwanderung-lagomera.de\/es\/wp-json\/wp\/v2\/users\/1"}],"replies":[{"embeddable":true,"href":"https:\/\/www.rundwanderung-lagomera.de\/es\/wp-json\/wp\/v2\/comments?post=23"}],"version-history":[{"count":17,"href":"https:\/\/www.rundwanderung-lagomera.de\/es\/wp-json\/wp\/v2\/pages\/23\/revisions"}],"predecessor-version":[{"id":27272,"href":"https:\/\/www.rundwanderung-lagomera.de\/es\/wp-json\/wp\/v2\/pages\/23\/revisions\/27272"}],"wp:attachment":[{"href":"https:\/\/www.rundwanderung-lagomera.de\/es\/wp-json\/wp\/v2\/media?parent=23"}],"curies":[{"name":"wp","href":"https:\/\/api.w.org\/{rel}","templated":true}]}}