{"id":4053,"date":"2016-11-05T14:35:36","date_gmt":"2016-11-05T13:35:36","guid":{"rendered":"https:\/\/www.rundwanderung-lagomera.de\/?page_id=4053"},"modified":"2019-12-22T18:52:55","modified_gmt":"2019-12-22T17:52:55","slug":"about-us","status":"publish","type":"page","link":"https:\/\/www.rundwanderung-lagomera.de\/en\/ueber-uns\/","title":{"rendered":"about us"},"content":{"rendered":"<div id=\"pl-4053\"  class=\"panel-layout\" ><div id=\"pg-4053-0\"  class=\"panel-grid panel-no-style\" ><div id=\"pgc-4053-0-0\"  class=\"panel-grid-cell\" ><div id=\"panel-4053-0-0-0\" class=\"so-panel widget widget_sow-editor panel-first-child panel-last-child\" data-index=\"0\" ><div\n\t\t\t\n\t\t\tclass=\"so-widget-sow-editor so-widget-sow-editor-base\"\n\t\t\t\n\t\t>\n<div class=\"siteorigin-widget-tinymce textwidget\">\n\t<p>We are enthusiastic long-distance hikers and love being out in nature for a few days on holiday with just our backpacks! For several years, we have also been fascinated by the rather unknown, Mediterranean long-distance hiking trails.<\/p>\n<p>The combination of mountains and sea and the opportunity to stay in beautiful and mostly very individual accommodation is always a reason for us to dream of our next hiking holiday!<\/p>\n<p>However, the research effort before the holiday was often quite large and we were sometimes really surprised that some hiking trails are excellently laid out and well signposted on site, but at the same time remained totally unknown on the net. On our circular hike on La Gomera, we therefore decided to document this hiking trail online and make it better known. In retrospect, that actually worked out much better than expected: In the meantime, the travel magazine &quot;Geo Saison&quot; has reported extensively on the GR-132 in the &quot;Special Canary Islands&quot; (<a href=\"http:\/\/www.geo.de\/magazine\/geo-special\/19293-geo-special-nr-5-2016-kanarische-inseln\" target=\"_blank\" rel=\"noopener noreferrer\">to the booklet<\/a>) . Other articles about the GR-132 also appeared here: <a href=\"http:\/\/www.spiegel.de\/reise\/aktuell\/urlaub-im-september-die-besten-reiseziele-a-1108556.html\" target=\"_blank\" rel=\"noopener noreferrer\">Mirror online<\/a> and <a href=\"http:\/\/sz-magazin.sueddeutsche.de\/texte\/anzeigen\/45967\/\" target=\"_blank\" rel=\"noopener noreferrer\">SZ magazine<\/a>. But don&#039;t worry: the hiking trail is still far away from mass tourism!<\/p>\n<p>The many positive feedback on the La Gomera website has encouraged us and so in the meantime more great hiking holidays with the associated website have been created and a few more are planned! You can find a current overview here:<\/p>\n<p><a href=\"https:\/\/www.wanderndeluxe.de\/fernwanderwege\/\" target=\"_blank\" rel=\"noopener\">www.wanderndeluxe.de\/fernwanderwege\/<\/a><\/p>\n<p>We look forward to sharing our enthusiasm for hiking with you!<\/p>\n<\/div>\n<\/div><\/div><\/div><div id=\"pgc-4053-0-1\"  class=\"panel-grid-cell\" ><div id=\"panel-4053-0-1-0\" class=\"so-panel widget widget_sow-image panel-first-child panel-last-child\" data-index=\"1\" ><div\n\t\t\t\n\t\t\tclass=\"so-widget-sow-image so-widget-sow-image-default-8b5b6f678277-4053\"\n\t\t\t\n\t\t>\n<div class=\"sow-image-container\">\n\t\t\t<a href=\"https:\/\/www.rundwanderung-lagomera.de\/wp-content\/uploads\/2014\/10\/rundwanderung-la-gomera-\u00fcber-uns.jpg\">\n\t\t\t<img \n\tsrc=\"https:\/\/www.rundwanderung-lagomera.de\/wp-content\/uploads\/2014\/10\/rundwanderung-la-gomera-\u00fcber-uns.jpg\" width=\"800\" height=\"800\" srcset=\"https:\/\/www.rundwanderung-lagomera.de\/wp-content\/uploads\/2014\/10\/rundwanderung-la-gomera-\u00fcber-uns.jpg 800w, https:\/\/www.rundwanderung-lagomera.de\/wp-content\/uploads\/2014\/10\/rundwanderung-la-gomera-\u00fcber-uns-150x150.jpg 150w, https:\/\/www.rundwanderung-lagomera.de\/wp-content\/uploads\/2014\/10\/rundwanderung-la-gomera-\u00fcber-uns-300x300.jpg 300w, https:\/\/www.rundwanderung-lagomera.de\/wp-content\/uploads\/2014\/10\/rundwanderung-la-gomera-\u00fcber-uns-768x768.jpg 768w\" sizes=\"(max-width: 800px) 100vw, 800px\" title=\"circular hike-la-gomera-about-us\" alt=\"\" \t\tclass=\"so-widget-image\"\/>\n\t\t\t<\/a><\/div>\n\n<\/div><\/div><\/div><\/div><\/div>","protected":false},"excerpt":{"rendered":"<p>Wir sind begeisterte Fern-Wanderer und lieben es, im Urlaub f\u00fcr einige Tage nur mit dem Rucksack in der Natur unterwegs zu sein!\u00a0Seit einigen Jahren haben es uns zudem die eher unbekannten, mediterranen Fernwanderwege angetan. Die Kombination von Bergen und Meer\u00a0und die M\u00f6glichkeit, in sch\u00f6nen und meist sehr individuellen Unterk\u00fcnften\u00a0zu \u00fcbernachten, sind f\u00fcr uns immer wieder [&hellip;]<\/p>\n","protected":false},"author":1,"featured_media":0,"parent":0,"menu_order":0,"comment_status":"closed","ping_status":"closed","template":"","meta":{"footnotes":""},"class_list":["post-4053","page","type-page","status-publish","hentry","post"],"_links":{"self":[{"href":"https:\/\/www.rundwanderung-lagomera.de\/en\/wp-json\/wp\/v2\/pages\/4053","targetHints":{"allow":["GET"]}}],"collection":[{"href":"https:\/\/www.rundwanderung-lagomera.de\/en\/wp-json\/wp\/v2\/pages"}],"about":[{"href":"https:\/\/www.rundwanderung-lagomera.de\/en\/wp-json\/wp\/v2\/types\/page"}],"author":[{"embeddable":true,"href":"https:\/\/www.rundwanderung-lagomera.de\/en\/wp-json\/wp\/v2\/users\/1"}],"replies":[{"embeddable":true,"href":"https:\/\/www.rundwanderung-lagomera.de\/en\/wp-json\/wp\/v2\/comments?post=4053"}],"version-history":[{"count":0,"href":"https:\/\/www.rundwanderung-lagomera.de\/en\/wp-json\/wp\/v2\/pages\/4053\/revisions"}],"wp:attachment":[{"href":"https:\/\/www.rundwanderung-lagomera.de\/en\/wp-json\/wp\/v2\/media?parent=4053"}],"curies":[{"name":"wp","href":"https:\/\/api.w.org\/{rel}","templated":true}]}}